{"id":17,"date":"2020-04-04T17:31:15","date_gmt":"2020-04-04T17:31:15","guid":{"rendered":"https:\/\/klg-bergstrasse.de\/?page_id=17"},"modified":"2022-06-23T07:37:53","modified_gmt":"2022-06-23T07:37:53","slug":"mitglied-werden","status":"publish","type":"page","link":"https:\/\/klg-bergstrasse.de\/?page_id=17","title":{"rendered":"Mitglied werden"},"content":{"rendered":"\n<p class=\"p-century-gothic\">\u00dcber neue kunst- und kulturinteressierte Mitglieder freuen wir uns sehr! Mitglieder werden bevorzugt \u00fcber alle Veranstaltungen des Vereins informiert.  Bei den Exkursionen bekommen die Mitglieder des Vereins einen Preisnachlass und haben Vorrang bei der Anmeldung. <\/p>\n\n\n\n<p class=\"p-century-gothic\">Wenn Sie der Kulturinitiative Leo Grewenig beitreten m\u00f6chten, finden Sie hier unser Beitrittsformular als PDF:<\/p>\n\n\n\n<div class=\"wp-block-file p-century-gothic\"><a href=\"https:\/\/klg-bergstrasse.de\/wp-content\/uploads\/2022\/06\/Beitrittsformular.pdf\">Beitrittsformular<\/a><a href=\"https:\/\/klg-bergstrasse.de\/wp-content\/uploads\/2022\/06\/Beitrittsformular.pdf\" class=\"wp-block-file__button\" download>Herunterladen<\/a><\/div>\n\n\n\n<p class=\"p-century-gothic\">Der Mitgliedsbeitrag betr\u00e4gt f\u00fcr Einzelpersonen 24,00 \u20ac, f\u00fcr Sch\u00fcler, Studenten und Auszubildende 12,00 \u20ac und f\u00fcr Familien 36,00 \u20ac pro Jahr.<\/p>\n\n\n\n<p class=\"p-century-gothic\">Spenden, die ebenso wie die Mitgliedsbeitr\u00e4ge steuerlich absetzbar sind, werden dar\u00fcber hinaus gerne entgegengenommen. Bitte nutzen Sie dazu unsere Bankverbindung mit der IBAN: <\/p>\n\n\n\n<p class=\"p-century-gothic\">DE66509500680002107928 (Sparkasse Bensheim). <\/p>\n\n\n\n<p class=\"p-century-gothic\">F\u00fcr Spenden bis 200 \u20ac gen\u00fcgt als Nachweis diese Best\u00e4tigung:<\/p>\n\n\n\n<div class=\"wp-block-file\"><a href=\"https:\/\/klg-bergstrasse.de\/wp-content\/uploads\/2020\/05\/KLG_Bescheinigung-f\u00fcr-Spenden.pdf\">Bescheinigung f\u00fcr Spenden bis 200 \u20ac<\/a><a href=\"https:\/\/klg-bergstrasse.de\/wp-content\/uploads\/2020\/05\/KLG_Bescheinigung-f\u00fcr-Spenden.pdf\" class=\"wp-block-file__button\" download>Herunterladen<\/a><\/div>\n\n\n\n<p class=\"p-century-gothic\"><\/p>\n\n\n\n<p><\/p>\n","protected":false},"excerpt":{"rendered":"<p>\u00dcber neue kunst- und kulturinteressierte Mitglieder freuen wir uns sehr! Mitglieder werden bevorzugt \u00fcber alle Veranstaltungen des Vereins informiert. Bei den Exkursionen bekommen die Mitglieder des Vereins einen Preisnachlass und haben Vorrang bei der Anmeldung. Wenn Sie der Kulturinitiative Leo Grewenig beitreten m\u00f6chten, finden Sie hier unser Beitrittsformular als PDF: Der Mitgliedsbeitrag betr\u00e4gt f\u00fcr Einzelpersonen [&hellip;]<\/p>\n","protected":false},"author":1,"featured_media":0,"parent":8,"menu_order":1,"comment_status":"closed","ping_status":"closed","template":"","meta":{"ngg_post_thumbnail":0,"footnotes":""},"_links":{"self":[{"href":"https:\/\/klg-bergstrasse.de\/index.php?rest_route=\/wp\/v2\/pages\/17"}],"collection":[{"href":"https:\/\/klg-bergstrasse.de\/index.php?rest_route=\/wp\/v2\/pages"}],"about":[{"href":"https:\/\/klg-bergstrasse.de\/index.php?rest_route=\/wp\/v2\/types\/page"}],"author":[{"embeddable":true,"href":"https:\/\/klg-bergstrasse.de\/index.php?rest_route=\/wp\/v2\/users\/1"}],"replies":[{"embeddable":true,"href":"https:\/\/klg-bergstrasse.de\/index.php?rest_route=%2Fwp%2Fv2%2Fcomments&post=17"}],"version-history":[{"count":14,"href":"https:\/\/klg-bergstrasse.de\/index.php?rest_route=\/wp\/v2\/pages\/17\/revisions"}],"predecessor-version":[{"id":829,"href":"https:\/\/klg-bergstrasse.de\/index.php?rest_route=\/wp\/v2\/pages\/17\/revisions\/829"}],"up":[{"embeddable":true,"href":"https:\/\/klg-bergstrasse.de\/index.php?rest_route=\/wp\/v2\/pages\/8"}],"wp:attachment":[{"href":"https:\/\/klg-bergstrasse.de\/index.php?rest_route=%2Fwp%2Fv2%2Fmedia&parent=17"}],"curies":[{"name":"wp","href":"https:\/\/api.w.org\/{rel}","templated":true}]}}