{"id":19,"date":"2020-04-04T17:34:51","date_gmt":"2020-04-04T17:34:51","guid":{"rendered":"https:\/\/klg-bergstrasse.de\/?page_id=19"},"modified":"2024-05-13T19:19:52","modified_gmt":"2024-05-13T19:19:52","slug":"impressum","status":"publish","type":"page","link":"https:\/\/klg-bergstrasse.de\/?page_id=19","title":{"rendered":"Impressum"},"content":{"rendered":"\n<p class=\"p-century-gothic\"><strong>Kulturinitiative Leo Grewenig e. V.<br>info@klg-bergstrasse.de<\/strong><\/p>\n\n\n\n<p class=\"p-century-gothic\">vertreten durch<\/p>\n\n\n\n<p class=\"p-century-gothic\">1. Vorsitzender<\/p>\n\n\n\n<p class=\"p-century-gothic\">Erich Henrich<br>Schlo\u00dfstra\u00dfe 14<br>64625 Bensheim<br><\/p>\n\n\n\n<p class=\"p-century-gothic\">2. Vorsitzende<\/p>\n\n\n\n<p class=\"p-century-gothic\">Eva Bambach<br>Roonstr. 4<br>64625 Bensheim<br><\/p>\n\n\n\n<p class=\"p-century-gothic\">Die durch die Seitenbetreiber erstellten Inhalte und Werke auf diesen Seiten unterliegen dem deutschen Urheberrecht. Die Vervielf\u00e4ltigung, Bearbeitung, Verbreitung und jede Art der Verwertung au\u00dferhalb der Grenzen des Urheberrechtes bed\u00fcrfen der schriftlichen Zustimmung der Ersteller bzw. des Inhabers des jeweiligen Copyrights. Soweit die Inhalte auf dieser Seite nicht von den Betreibern erstellt wurden, werden die Urheberrechte Dritter beachtet. Inhalte Dritter werden als solche gekennzeichnet.\\r\\nSollten Sie auf eine Urheberrechtsverletzung aufmerksam werden, bitten wir um einen entsprechenden Hinweis. Bei Bekanntwerden von Rechtsverletzungen werden wir derartige Inhalte umgehend entfernen.<br>Diese Website enth\u00e4lt Links zu externen Webseiten Dritter, auf deren Inhalte die Seitenbetreiber keinen Einfluss haben. Deshalb \u00fcbernehmen die Seitenbetreiber f\u00fcr diese fremden Inhalte auch keine Gew\u00e4hr. F\u00fcr die Inhalte der verlinkten Seiten ist stets der jeweilige Anbieter oder Betreiber der Seiten verantwortlich. Bei Bekanntwerden von Rechtsverletzungen werden derartige Links umgehend entfernt.<\/p>\n\n\n\n<p class=\"p-century-gothic\">Die Nutzung dieser Webseite ist in der Regel ohne Angabe personenbezogener Daten m\u00f6glich. Personenbezogene Daten (beispielsweise Name, Anschrift oder E-Mail-Adressen), die die Seitenbetreiber durch E-Mail- oder telefonischen Kontakt erreichen, werden ohne Ihre ausdr\u00fcckliche Zustimmung nicht an Dritte weitergegeben. Der Nutzung von im Rahmen der Impressumspflicht ver\u00f6ffentlichten Kontaktdaten durch Dritte zur \u00dcbersendung von nicht ausdr\u00fccklich angeforderter Werbung und Informationsmaterialien wird hiermit ausdr\u00fccklich widersprochen. Die Betreiber der Seiten behalten sich ausdr\u00fccklich rechtliche Schritte im Falle der unverlangten Zusendung von Werbeinformationen vor<\/p>\n","protected":false},"excerpt":{"rendered":"<p>Kulturinitiative Leo Grewenig e. V.info@klg-bergstrasse.de vertreten durch 1. Vorsitzender Erich HenrichSchlo\u00dfstra\u00dfe 1464625 Bensheim 2. Vorsitzende Eva BambachRoonstr. 464625 Bensheim Die durch die Seitenbetreiber erstellten Inhalte und Werke auf diesen Seiten unterliegen dem deutschen Urheberrecht. Die Vervielf\u00e4ltigung, Bearbeitung, Verbreitung und jede Art der Verwertung au\u00dferhalb der Grenzen des Urheberrechtes bed\u00fcrfen der schriftlichen Zustimmung der Ersteller bzw. [&hellip;]<\/p>\n","protected":false},"author":1,"featured_media":0,"parent":0,"menu_order":1,"comment_status":"closed","ping_status":"closed","template":"","meta":{"ngg_post_thumbnail":0,"footnotes":""},"_links":{"self":[{"href":"https:\/\/klg-bergstrasse.de\/index.php?rest_route=\/wp\/v2\/pages\/19"}],"collection":[{"href":"https:\/\/klg-bergstrasse.de\/index.php?rest_route=\/wp\/v2\/pages"}],"about":[{"href":"https:\/\/klg-bergstrasse.de\/index.php?rest_route=\/wp\/v2\/types\/page"}],"author":[{"embeddable":true,"href":"https:\/\/klg-bergstrasse.de\/index.php?rest_route=\/wp\/v2\/users\/1"}],"replies":[{"embeddable":true,"href":"https:\/\/klg-bergstrasse.de\/index.php?rest_route=%2Fwp%2Fv2%2Fcomments&post=19"}],"version-history":[{"count":4,"href":"https:\/\/klg-bergstrasse.de\/index.php?rest_route=\/wp\/v2\/pages\/19\/revisions"}],"predecessor-version":[{"id":1058,"href":"https:\/\/klg-bergstrasse.de\/index.php?rest_route=\/wp\/v2\/pages\/19\/revisions\/1058"}],"wp:attachment":[{"href":"https:\/\/klg-bergstrasse.de\/index.php?rest_route=%2Fwp%2Fv2%2Fmedia&parent=19"}],"curies":[{"name":"wp","href":"https:\/\/api.w.org\/{rel}","templated":true}]}}