{"id":254,"date":"2020-04-16T10:06:57","date_gmt":"2020-04-16T10:06:57","guid":{"rendered":"https:\/\/klg-bergstrasse.de\/?page_id=254"},"modified":"2020-04-17T15:15:29","modified_gmt":"2020-04-17T15:15:29","slug":"ausstellungen","status":"publish","type":"page","link":"https:\/\/klg-bergstrasse.de\/?page_id=254","title":{"rendered":"Ausstellungen"},"content":{"rendered":"\n<h4 class=\"wp-block-heading\">Einzelausstellungen seit 1952<\/h4>\n\n\n\n<ul class=\"p-century-gothic\"><li>1952 &#8222;Leo Grewenig&#8220;, Galerie Elitzer, Saarbr\u00fccken<\/li><li>1954 Galerie Elitzer, Saarbr\u00fccken, &#8222;Leo Grewenig, Saarbr\u00fccken &#8211; Gem\u00e4lde, Gouachen, Zeichnungen&#8220;; British Centre &#8222;Die Br\u00fccke&#8220; (Galerie Czwiklitzer)<\/li><li>1956 Galerie Elitzer, Saarbr\u00fccken<\/li><li>1959 &#8222;Kollektivausstellung Leo Grewenig, Bilder von 1921-1956&#8220;, Saarlandmuseum, Saarbr\u00fccken<\/li><li>1962 Galerie Christa Moering, Wiesbaden<\/li><li>1963 Galerie Senatore, Stuttgart; Galerie Elitzer, Saarbr\u00fccken (veranstaltet von der neuen gruppe saar zum 65. Geburtstag von Leo Grewenig)<\/li><li>1964 &#8222;Leo Grewenig&#8220;, Atelier Christa Moering, Wiesbaden<\/li><li>1965 &#8222;Leo Grewenig &#8211; Bilder und graphische Arbeiten&#8220;, Galerie Winfried Gurlitt, Mainz; &#8222;Leo Grewenig &#8211; Bilder und Grafiken&#8220;, Galerie Nurso, K\u00f6nigstein\/Taunus<\/li><li>1966 &#8222;Leo Grewenig &#8211; Bilder und Grafiken&#8220;, Galerie Sch\u00f6ninger, M\u00fcnchen; &#8222;Leo Grewenig &#8211; Neue Arbeiten, \u00d6lbilder und Grafiken&#8220;, Galerie Winfried Gurlitt, Mainz; &#8222;Leo Grewenig &#8211; Malerei &#8211; Grafik&#8220;, Galerie Senatore, Stuttgart<\/li><li>1969 Galerie Elitzer, Saarbr\u00fccken<\/li><li>1970 &#8222;Leo Grewenig&#8220;, Galerie Schramm, Essen; &#8222;Malerei und Grafik des K\u00fcnstlers Leo Grewenig&#8220;, Bezirkssparkasse Bensheim<\/li><li>1971 &#8222;Leo Grewenig, Malerei, Grafik&#8220;, Gessmann-Galerie, Neu-Isenburg; Galerie Rose L\u00f6rch, M\u00fcnchen<\/li><li>1973 &#8222;Ausstellung zum 75. Geburtstag von Leo Grewenig&#8220;, Galerie der Buch- und Kunsthandlung Ackermann, Jugenheim a. d. Bergstra\u00dfe<\/li><li>1975 &#8222;Der Maler Leo Grewenig &#8211; Stationen seines Schaffens&#8220;, Saarlandmuseum, Moderne Galerie Saarbr\u00fccken; &#8222;Leo Grewenig &#8211; Bilder von 1916-1974&#8220;, Gessmann-Galerie, Neu-Isenburg; &#8222;Leo Grewenig&#8220;, Volksbank, Weinheim, Bergstra\u00dfe; &#8222;Leo Grewenig &#8211; Malerei und Grafik von 1948-1975&#8220;, Kabinett Dr. Grisebach, Heidelberg; &#8222;Leo Grewenig &#8211; Malerei und Grafik&#8220;, Parktheater, Kunstforum Bensheim; &#8222;Leo Grewenig&#8220;, Galerie Becher, Wuppertal-Barmen<\/li><li>1976 &#8222;Leo Grewenig &#8211; Malerei und Grafik&#8220;, Galerie Hild, Offenbach; &#8222;Leo Grewenig &#8211; Handzeichnungen&#8220;, Galerie Heseler, M\u00fcnchen; &#8222;Leo Grewenig&#8220;, Galeria el Aljibe, Arrecife (Lanzarote)<\/li><li>1977 &#8222;Leo Grewenig &#8211; Malerei und Grafik&#8220;, Galerie Zuta, Wiesbaden; &#8222;Leo Grewenig &#8211; Bilder und Zeichnungen von 1954-1977&#8220;, Galerie Sch\u00fcbbe, D\u00fcsseldorf-Mettmann<\/li><li>1978 &#8222;Leo Grewenig &#8211; Bilder 1955-1977&#8220;, Kunsthalle, Mannheim;  &#8222;Leo Grewenig &#8211; Gouachen von 1952-1977&#8243;, Galerie Grisebach-Grewenig, Heidelberg; Bilder von 1955-1977&#8220;, Galerie Heseler, M\u00fcnchen; &#8222;Ausstellung anl\u00e4\u00dflich des 80. Geburtstages Leo Grewenigs&#8220;, Stadt Bensheim, Parktheater, Bensheim <\/li><li>1979 &#8222;Leo Grewenig &#8211; Malerei und Grafik&#8220;, Kunstverein &#8211; Palais Stutterheim; ; &#8222;Leo Grewenig &#8211; Malerei und Grafik&#8220;, Foyer des Staatstheaters, Darmstadt; &#8222;Leo Grewenig &#8211; Malerei &#8211; Grafik&#8220;, Kunstverein &#8222;Das Damianstor&#8220;, Bruchsal; &#8222;Der Maler Leo Grewenig &#8211; Stationen seines Schaffens&#8220;, Galerie am Nachmittag &#8211; Karin Brass, Aschaffenburg<\/li><li>1980 &#8222;Prof. Leo Grewenig&#8220;, Galerie Elitzer, Saarbr\u00fccken<\/li><li>1981 &#8222;Leo Grewenig &#8211; Retrospektive 1923-1981&#8220;, Galerie Steiner, Schlo\u00df Babstadt\/Bad Rappenau; &#8222;Leo Grewenig &#8211; Bilder Aquarelle, Grafik 1957-1980&#8220;, Galerie Sch\u00fcbbe, D\u00fcsseldorf; &#8222;Leo Grewenig &#8211; Gem\u00e4lde Zeichnungen&#8220;, Bezirkssparkasse, Bensheim<\/li><li>1982 &#8222;Prof. Leo Grewenig&#8220;, Galerie am Rathaus &#8211; Kunstverein, Dillingen\/Saar; &#8222;Leo Grewenig &#8211; Gem\u00e4lde und Zeichnungen&#8220;, Schlo\u00df Heiligenberg, Seeheim-Jugenheim; &#8222;Leo Grewenig &#8211; Gem\u00e4lde und Zeichnungen&#8220;, Rathaus Gro\u00df-Umstadt<\/li><li>1983 &#8222;Leo Grewenig &#8211; Bilder und Aquarelle&#8220;, Galerie Meike Opitz, Br\u00fchl; &#8222;Leo Grewenig &#8211; Bilder 1916-1983&#8220;, Galerie Steiner, Schlo\u00df Babstadt\/Bad Rappenau; &#8222;Leo Grewenig zum 85. Geburtstag&#8220;, Kunstforum Bensheim, Parktheater Bensheim; &#8222;Leo Grewenig &#8211; Bilder, Gouachen, Zeichnungen&#8220;, Galerie Heseler, M\u00fcnchen<\/li><li>1984 &#8222;Leo Grewenig &#8211; Aquarelle und Gem\u00e4lde&#8220;, Galerie Elitzer, Saarbr\u00fccken; &#8222;Leo Grewenig&#8220;, Galerie am Jacobsbrunnen, Stuttgart; &#8222;Kleine Welten&#8220;, Sparda-Bank, Saarbr\u00fccken<\/li><li>1985 &#8222;Leo Grewenig &#8211; \u00d6lbilder und Gouachen&#8220;, Kunsthalle Darmstad; &#8222;Leo Grewenig&#8220;, Landesvertretung des Saarlandes, Bonn<\/li><li>1986 &#8222;Leo Grewenig &#8211; Bilder und Gouachen&#8220;, Galerie Heseler, M\u00fcnchen; &#8222;Leo Grewenig &#8211; Bilder, Gouachen, Zeichnungen&#8220;, &#8222;Sommergalerie&#8220; &#8211; Galerie B\u00f6hler, Schlo\u00df Lichtenberg, Fischbachtal\/Odenwald<\/li><li>1987 &#8222;Leo Grewenig &#8211; neue Bilder&#8220;, Rathaus Zwingenberg; &#8222;Leo Grewenig&#8220;, Galerie Steiner, Schlo\u00df Babstadt\/Bad Rappenau<\/li><li>1988 &#8222;Leo Grewenig &#8211; Arbeiten aus allen Schaffensperioden&#8220;, Kunstverein, Heidelberg; &#8222;Leo Grewenig &#8211; Arbeiten aus den letzten Jahren&#8220;, Galerie Grewenig, Heidelberg; &#8222;Arbeiten von Leo Grewenig zu seinem 90. Geburtstag&#8220;, Galerie Elitzer, Saarbr\u00fccken; &#8222;Leo Grewenig &#8211; Bilder aus allen Schaffensperioden&#8220;, Parktheater Bensheim (Stadt Bensheim und Kunstforum Bensheim)<\/li><li>1990 &#8222;Leo Grewenig &#8211; Bilder auf Papier&#8220;, St\u00e4dtisches Museum, Jena<\/li><li>1991 &#8222;Leo Grewenig &#8211; Bilder auf Papier&#8220;, Kunstverein Erlangen; &#8222;Arbeiten von Leo Grewenig&#8220;, Galerie Elitzer, Saarbr\u00fccken; &#8222;Leo Grewenig &#8211; Bilder aus allen Schaffensperioden&#8220;, Stadtbibliothek (Kunstf\u00f6rderverein Weinheim), Weinheim<\/li><li>1993 &#8222;Leo Grewenig &#8211; Von der Figuration zur Abstraktion&#8220;, Stadtmuseum, Lindau; &#8222;Leo Grewenig&#8220;, Parktheater Bensheim; Mia-M\u00fcnster-Haus\/Museum, St. Wendel<\/li><li>1996 &#8222;Leo Grewenig &#8211; Phantasie in Farben&#8220;, Schlo\u00df Belvedere (Kunstsammlungen zu Weimar), Weimar; &#8222;Phantasie in Form, Farbe und Struktur &#8211; Leo Grewenig, Pastelle, Gouachen, \u00d6lbilder&#8220;, Galerie Sundermann, W\u00fcrzburg<\/li><li>1998 &#8222;Leo Grewenig &#8211; zum 100. Geburtstag, seltene und noch nie gezeigte Arbeiten aus den 60er Jahren&#8220;, &#8222;Poetische Bildwelten &#8211; Leo Grewenig &#8211; Gouachen, Pastelle, Zeichnungen&#8220;, Remise am Alten Amtsgericht Zwingenberg (Stadt Zwingenberg und Kunstfreunde Bergstra\u00dfe); &#8222;Leo Grewenig &#8211; selten ausgestellte Tuschearbeiten und Gouachen&#8220;, Galerie Elitzer, Saarbr\u00fccken; &#8222;Leo Grewenig &#8211; Naturvisionen&#8220;, Museum St. Ingbert<\/li><li>1999 &#8222;Leo Grewenig &#8211; Atelierausstellung&#8220;, ehem. Atelier Leo Grewenigs, Bensheim<\/li><li>2000 &#8222;Leo Grewenig &#8211; Naturvisionen&#8220;, Parktheater, Bensheim<\/li><li>2002 &#8222;Leo Grewenig &#8211; Poetische Bildwelten, \u00d6lbilder, Gouachen, Zeichnungen&#8220;, Galerie Kunst in der Zehntscheune, Bad Homburg-Erlenbach<\/li><li>2003 &#8222;Poetische Bildwelten &#8211; \u00d6lbilder, Gouachen und Zeichnungen&#8220;, Kunstverein Dillingen im Alten Schlo\u00df, Dillingen\/Saar; &#8222;Leo Grewenig &#8211; Ein Maler aus dem Bauhaus&#8220;, Galerie Sundermann, W\u00fcrzburg<\/li><li>2005 &#8222;Leo Grewenig &#8211; Formen im Spiel&#8220;, Rathausgalerie Bensheim<\/li><li>2006 &#8222;Leo Grewenig&#8220;, Galerie Sundermann, W\u00fcrzburg<\/li><li>2006\/2007 Pr\u00e4sentation der Leo-Grewenig-Schenkung, Gem\u00e4lde und Werke auf Papier, Saarlandmuseum Saarbr\u00fccken<\/li><li>2008 &#8222;Szenen-Bilder 1921-1931&#8220;, Museum der Stadt Bensheim<\/li><li>2009 Leo Grewenig &#8211; &#8222;Szenen-Bilder 1921-1931&#8220;, Stadtmuseum St. Wendel<\/li><li>2010 &#8222;Leo Grewenig- Raum&#8220;, Museum der Stadt Bensheim; &#8222;Leo Grewenig &#8211; Einblicke. Stationen seines Schaffens&#8220;, Kunstfreunde Bergstra\u00dfe e.V., B\u00fcrgerhaus &#8222;Zur Sonne&#8220;, Alsbach<\/li><li>2011 &#8222;Leo Grewenig Bilder&#8220;, Meisterhaus Kandinsky\/Klee, Stiftung Bauhaus Dessau<\/li><li>2013 &#8222;Metamorphosen. Leo Grewenig &#8211; Retrospektive. Bilder von 1916 bis 1988, Kunsthalle Jesuitenkirche, Aschaffenburg<\/li><li>2014 &#8222;Meister-Sch\u00fcler. Leo Grewenig am Bauhaus Weimar&#8220;, Museum Bensheim<\/li><li>&#8222;Leo Grewenig &#8211; Formen in Bewegung&#8220;, Di\u00f6zeanmuseum Oberm\u00fcnster und St. Marien Gymnasium Regensburg<\/li><li>2018 &#8222;Leo Grewenig. Tinten-Tiere&#8220;, Hessisches Landesmuseum Darmstadt<\/li><li>2019 &#8222;Leo Grewenig und die &#8217;neue gruppe saar'&#8220;, Museum Bensheim; \u201eMeteor, Ikone und Vergitterung &#8211; Hommage an den Bauhaus- K\u00fcnstler Leo Grewenig\u201c, Galerie Netuschil, Darmstadt<\/li><\/ul>\n","protected":false},"excerpt":{"rendered":"<p>Einzelausstellungen seit 1952 1952 &#8222;Leo Grewenig&#8220;, Galerie Elitzer, Saarbr\u00fccken 1954 Galerie Elitzer, Saarbr\u00fccken, &#8222;Leo Grewenig, Saarbr\u00fccken &#8211; Gem\u00e4lde, Gouachen, Zeichnungen&#8220;; British Centre &#8222;Die Br\u00fccke&#8220; (Galerie Czwiklitzer) 1956 Galerie Elitzer, Saarbr\u00fccken 1959 &#8222;Kollektivausstellung Leo Grewenig, Bilder von 1921-1956&#8220;, Saarlandmuseum, Saarbr\u00fccken 1962 Galerie Christa Moering, Wiesbaden 1963 Galerie Senatore, Stuttgart; Galerie Elitzer, Saarbr\u00fccken (veranstaltet von der neuen [&hellip;]<\/p>\n","protected":false},"author":1,"featured_media":0,"parent":2,"menu_order":0,"comment_status":"closed","ping_status":"closed","template":"","meta":{"ngg_post_thumbnail":0,"footnotes":""},"_links":{"self":[{"href":"https:\/\/klg-bergstrasse.de\/index.php?rest_route=\/wp\/v2\/pages\/254"}],"collection":[{"href":"https:\/\/klg-bergstrasse.de\/index.php?rest_route=\/wp\/v2\/pages"}],"about":[{"href":"https:\/\/klg-bergstrasse.de\/index.php?rest_route=\/wp\/v2\/types\/page"}],"author":[{"embeddable":true,"href":"https:\/\/klg-bergstrasse.de\/index.php?rest_route=\/wp\/v2\/users\/1"}],"replies":[{"embeddable":true,"href":"https:\/\/klg-bergstrasse.de\/index.php?rest_route=%2Fwp%2Fv2%2Fcomments&post=254"}],"version-history":[{"count":3,"href":"https:\/\/klg-bergstrasse.de\/index.php?rest_route=\/wp\/v2\/pages\/254\/revisions"}],"predecessor-version":[{"id":381,"href":"https:\/\/klg-bergstrasse.de\/index.php?rest_route=\/wp\/v2\/pages\/254\/revisions\/381"}],"up":[{"embeddable":true,"href":"https:\/\/klg-bergstrasse.de\/index.php?rest_route=\/wp\/v2\/pages\/2"}],"wp:attachment":[{"href":"https:\/\/klg-bergstrasse.de\/index.php?rest_route=%2Fwp%2Fv2%2Fmedia&parent=254"}],"curies":[{"name":"wp","href":"https:\/\/api.w.org\/{rel}","templated":true}]}}