{"id":290,"date":"2020-04-17T14:47:16","date_gmt":"2020-04-17T14:47:16","guid":{"rendered":"https:\/\/klg-bergstrasse.de\/?page_id=290"},"modified":"2020-04-27T13:37:11","modified_gmt":"2020-04-27T13:37:11","slug":"geste-maske-tanz","status":"publish","type":"page","link":"https:\/\/klg-bergstrasse.de\/?page_id=290","title":{"rendered":"GESTE &#8211; MASKE &#8211; TANZ"},"content":{"rendered":"\n<h5 class=\"h5-century-gothic wp-block-heading\">Ausstellung im Museum Heppenheim M\u00e4rz\/April 2020<\/h5>\n\n\n\n<p class=\"p-century-gothic\">Nur sehr wenige hatten wegen der Corona-Krise bislang das Gl\u00fcck, die interessante Ausstellung sehen zu k\u00f6nnen. Nun ergibt sich noch eine Chance, und die Schau geht in die Verl\u00e4ngerung bis zum 28. Juni. Ab wann das Museum wieder besucht werden darf, ist allerdings ungewiss. Einstweilen finden Sie hier einen kleinen Einblick in die Ausstellung.<\/p>\n\n\n\n<figure class=\"wp-block-image size-large\"><img loading=\"lazy\" decoding=\"async\" width=\"1024\" height=\"959\" src=\"https:\/\/klg-bergstrasse.de\/wp-content\/uploads\/2020\/04\/FigurineHP3-1024x959.jpg\" alt=\"\" class=\"wp-image-338\" srcset=\"https:\/\/klg-bergstrasse.de\/wp-content\/uploads\/2020\/04\/FigurineHP3-1024x959.jpg 1024w, https:\/\/klg-bergstrasse.de\/wp-content\/uploads\/2020\/04\/FigurineHP3-300x281.jpg 300w, https:\/\/klg-bergstrasse.de\/wp-content\/uploads\/2020\/04\/FigurineHP3-768x719.jpg 768w, https:\/\/klg-bergstrasse.de\/wp-content\/uploads\/2020\/04\/FigurineHP3-1536x1439.jpg 1536w, https:\/\/klg-bergstrasse.de\/wp-content\/uploads\/2020\/04\/FigurineHP3-1200x1124.jpg 1200w, https:\/\/klg-bergstrasse.de\/wp-content\/uploads\/2020\/04\/FigurineHP3.jpg 1925w\" sizes=\"(max-width: 1024px) 100vw, 1024px\" \/><figcaption><br>Leo Grewenig, Figurine,  um 1925 (Rekonstruktion von Heinz Frassine)<br>Foto: klg-bergstrasse, CC BY-ND 4.0<\/figcaption><\/figure>\n\n\n\n<p class=\"p-century-gothic\">Den Ansto\u00df f\u00fcr die Idee zu dieser Ausstellung gab die Figurine, die Leo Grewenig in seiner Bauhaus-Zeit gestaltet hatte. In h\u00f6chstem Ma\u00df abstrahiert, ist der Bezug zum Motiv des Tanzes un\u00fcbersehbar. Anlass f\u00fcr unseren Vereinsvorsitzenden Erich Henrich, dem Thema einen intensiven Blick zu widmen:<\/p>\n\n\n\n<h2 class=\"h2-century-gothic wp-block-heading\">Ausdruckstanz<\/h2>\n\n\n\n<p class=\"p-century-gothic\">Zwischen 1900 und 1920 befreiten Rudolf von Laban (1879-1958) und Mary Wigman (1886-1973) den Tanz von den Fesseln der Musik und entwickelten den modernen Ausdruckstanz. Im individuellen Mikrokosmos der t\u00e4nzerischen Bewegung sollte nun der Makrokosmos des menschlichen Seins erlebt und ausgedr\u00fcckt werden. Laban und Wigman machten den Tanz damit zu einer freien k\u00fcnstlerischen Disziplin.<\/p>\n\n\n\n<figure class=\"wp-block-embed-vimeo wp-block-embed is-type-video is-provider-vimeo wp-embed-aspect-4-3 wp-has-aspect-ratio\"><div class=\"wp-block-embed__wrapper\">\nhttps:\/\/vimeo.com\/237378581\n<\/div><figcaption><br><br><br>Der ber\u00fchmteste Tanz von Mary Wigman ist der \u201eHexentanz\u201c, den sie 1914 erstmals auff\u00fchrte.<\/figcaption><\/figure>\n\n\n\n<p class=\"p-century-gothic\">Gret Palucca (1902-1993), eine Sch\u00fclerin von Mary Wigman, wurde bald eine der f\u00fchrenden Ausdruckst\u00e4nzerinnen. 1925 gr\u00fcndete sie in Dresden ein eigenes Tanzinstitut. Sie war befreundet mit Wassily Kandinsky und Paul Klee und trat 1925 zum ersten Mal am Nationaltheater in Weimar auf. An der Veranstaltung nahmen zahlreiche Meister und Sch\u00fcler des Bauhauses teil.  Kandinsky schrieb zwei Aufs\u00e4tze \u00fcber Palucca, die zu ihrer wachsenden Bekanntheit beitrugen.<\/p>\n\n\n\n<p><\/p>\n\n\n\n<figure class=\"wp-block-image is-resized\"><img loading=\"lazy\" decoding=\"async\" src=\"https:\/\/klg-bergstrasse.de\/wp-content\/uploads\/2020\/04\/KandinskyPalucca-782x1024.jpg\" alt=\"\" class=\"wp-image-341\" width=\"297\" height=\"388\" srcset=\"https:\/\/klg-bergstrasse.de\/wp-content\/uploads\/2020\/04\/KandinskyPalucca-782x1024.jpg 782w, https:\/\/klg-bergstrasse.de\/wp-content\/uploads\/2020\/04\/KandinskyPalucca-229x300.jpg 229w, https:\/\/klg-bergstrasse.de\/wp-content\/uploads\/2020\/04\/KandinskyPalucca-768x1006.jpg 768w, https:\/\/klg-bergstrasse.de\/wp-content\/uploads\/2020\/04\/KandinskyPalucca-1173x1536.jpg 1173w, https:\/\/klg-bergstrasse.de\/wp-content\/uploads\/2020\/04\/KandinskyPalucca-1564x2048.jpg 1564w, https:\/\/klg-bergstrasse.de\/wp-content\/uploads\/2020\/04\/KandinskyPalucca-1200x1571.jpg 1200w, https:\/\/klg-bergstrasse.de\/wp-content\/uploads\/2020\/04\/KandinskyPalucca.jpg 1641w\" sizes=\"(max-width: 297px) 100vw, 297px\" \/><figcaption>In seinem Buch &#8222;Punkt und Linie zu Fl\u00e4che&#8220;, 1926 als Band 9 der &#8222;Bauhaus-B\u00fccher&#8220; erschienen, analysierte Wassily Kandinsky die Funktion des Punkts im Tanz wie in der Malerei und der Musik.<\/figcaption><\/figure>\n\n\n\n<h2 class=\"h2-century-gothic wp-block-heading\">Loheland<\/h2>\n\n\n\n<p class=\"p-century-gothic\">1919 wurde die Siedlung Loheland als \u201eSchule f\u00fcr K\u00f6rperbildung, Landbau und Handwerk\u201c in der N\u00e4he von Fulda gegr\u00fcndet. Mit dem Schwerpunkt auf Gymnastik und Tanz wurden dort ausschlie\u00dflich Frauen unterrichtet. Es gab aber auch Werkst\u00e4tten f\u00fcr Handweberei, Textil- und Lederbearbeitung, eine Korbflechterei, eine Schreinerei, eine T\u00f6pfer- und eine Lichtbildwerkstatt.<\/p>\n\n\n\n<p><\/p>\n\n\n\n<figure class=\"wp-block-image size-large\"><img loading=\"lazy\" decoding=\"async\" width=\"1024\" height=\"576\" src=\"https:\/\/klg-bergstrasse.de\/wp-content\/uploads\/2020\/04\/P1030793-1024x576.jpg\" alt=\"\" class=\"wp-image-350\" srcset=\"https:\/\/klg-bergstrasse.de\/wp-content\/uploads\/2020\/04\/P1030793-1024x576.jpg 1024w, https:\/\/klg-bergstrasse.de\/wp-content\/uploads\/2020\/04\/P1030793-300x169.jpg 300w, https:\/\/klg-bergstrasse.de\/wp-content\/uploads\/2020\/04\/P1030793-768x432.jpg 768w, https:\/\/klg-bergstrasse.de\/wp-content\/uploads\/2020\/04\/P1030793-1536x864.jpg 1536w, https:\/\/klg-bergstrasse.de\/wp-content\/uploads\/2020\/04\/P1030793-2048x1152.jpg 2048w, https:\/\/klg-bergstrasse.de\/wp-content\/uploads\/2020\/04\/P1030793-1200x675.jpg 1200w, https:\/\/klg-bergstrasse.de\/wp-content\/uploads\/2020\/04\/P1030793-1980x1114.jpg 1980w\" sizes=\"(max-width: 1024px) 100vw, 1024px\" \/><figcaption>In der Ausstellung dokumentieren viele Originalfotos die Tanzauff\u00fchrungen der Loheland-Sch\u00fclerinnen in selbstgen\u00e4hten Kost\u00fcmen.<br>Foto: klg-bergstrasse, CC BY-ND 4.0<\/figcaption><\/figure>\n\n\n\n<p class=\"p-century-gothic\">Die Loheland-T\u00e4nzerinnen trugen bei ihren Auftritten selbst gestaltete Kost\u00fcme aus verschiedenen Materialien. Sie betonten den K\u00f6rper und steigerten die Aussagekraft des jeweiligen Tanzes. Neben dem Ausdruckstanz wurde in Loheland auch das Maskentheater mit selbst hergestellten Masken gepflegt.&nbsp;&nbsp;Von Anfang an haben die \u201cLohel\u00e4nderinnen\u201c ihre T\u00e4nze fotografiert.<\/p>\n\n\n\n<h2 class=\"h2-century-gothic wp-block-heading\">Oda Schottm\u00fcller<\/h2>\n\n\n\n<p class=\"p-century-gothic\">Die T\u00e4nzerin Oda Schottm\u00fcller (geb. 1905) besuchte von 1922 bis 1924 die Odenwaldschule.  Ihre T\u00e4nze hatten einen expressiven Charakter und wirken teilweise beklemmend und unheimlich. Oda Schottm\u00fcller wurde als Widerstandsk\u00e4mpferin gegen das Nazi-Regime zum Tode verurteilt und am 5. August 1943 im Gef\u00e4ngnis Berlin\/Pl\u00f6tzensee enthauptet.<\/p>\n\n\n\n<figure class=\"wp-block-image size-large\"><img loading=\"lazy\" decoding=\"async\" width=\"964\" height=\"1024\" src=\"https:\/\/klg-bergstrasse.de\/wp-content\/uploads\/2020\/04\/OlgaS3-964x1024.jpg\" alt=\"\" class=\"wp-image-356\" srcset=\"https:\/\/klg-bergstrasse.de\/wp-content\/uploads\/2020\/04\/OlgaS3-964x1024.jpg 964w, https:\/\/klg-bergstrasse.de\/wp-content\/uploads\/2020\/04\/OlgaS3-282x300.jpg 282w, https:\/\/klg-bergstrasse.de\/wp-content\/uploads\/2020\/04\/OlgaS3-768x816.jpg 768w, https:\/\/klg-bergstrasse.de\/wp-content\/uploads\/2020\/04\/OlgaS3.jpg 1037w\" sizes=\"(max-width: 964px) 100vw, 964px\" \/><\/figure>\n\n\n\n<figure class=\"wp-block-image size-large\"><img loading=\"lazy\" decoding=\"async\" width=\"914\" height=\"986\" src=\"https:\/\/klg-bergstrasse.de\/wp-content\/uploads\/2020\/04\/OlgaS4.jpg\" alt=\"\" class=\"wp-image-357\" srcset=\"https:\/\/klg-bergstrasse.de\/wp-content\/uploads\/2020\/04\/OlgaS4.jpg 914w, https:\/\/klg-bergstrasse.de\/wp-content\/uploads\/2020\/04\/OlgaS4-278x300.jpg 278w, https:\/\/klg-bergstrasse.de\/wp-content\/uploads\/2020\/04\/OlgaS4-768x828.jpg 768w\" sizes=\"(max-width: 914px) 100vw, 914px\" \/><figcaption>\u00dcber den D\u00e4chern: Die beiden Fotos des ungarischen K\u00fcnslters Gyula Pap zeigen Oda Schottm\u00fcller 1932 beim Maskentanz &#8222;R\u00eave&#8220; an der Johannes-Itten-Schule in Berlin  auf einer ungew\u00f6hnlichen Tanzb\u00fchne (Leihgabe Dr. Uwe Emig).<\/figcaption><\/figure>\n\n\n\n<h2 class=\"h2-century-gothic wp-block-heading\">Masken<\/h2>\n\n\n\n<p class=\"p-century-gothic\">Oda Schottm\u00fcller verwendete h\u00e4ufig selbstgefertigte Masken und verkn\u00fcpfte damit den Tanz mit der Bildhauerei. Seit Anfang des 20. Jahrhunderts hatten sich Europas V\u00f6lkerkundemuseen mit Objekten aus Afrika und Ozeanien gef\u00fcllt, darunter viele Masken, die die K\u00fcnstler unterschiedlichster Stile und Disziplinen inspirierten. <\/p>\n\n\n\n<figure class=\"wp-block-image size-large\"><img loading=\"lazy\" decoding=\"async\" width=\"1024\" height=\"716\" src=\"https:\/\/klg-bergstrasse.de\/wp-content\/uploads\/2020\/04\/DetailOlgaS-1024x716.jpg\" alt=\"\" class=\"wp-image-347\" srcset=\"https:\/\/klg-bergstrasse.de\/wp-content\/uploads\/2020\/04\/DetailOlgaS-1024x716.jpg 1024w, https:\/\/klg-bergstrasse.de\/wp-content\/uploads\/2020\/04\/DetailOlgaS-300x210.jpg 300w, https:\/\/klg-bergstrasse.de\/wp-content\/uploads\/2020\/04\/DetailOlgaS-768x537.jpg 768w, https:\/\/klg-bergstrasse.de\/wp-content\/uploads\/2020\/04\/DetailOlgaS-1536x1074.jpg 1536w, https:\/\/klg-bergstrasse.de\/wp-content\/uploads\/2020\/04\/DetailOlgaS-2048x1432.jpg 2048w, https:\/\/klg-bergstrasse.de\/wp-content\/uploads\/2020\/04\/DetailOlgaS-1200x839.jpg 1200w, https:\/\/klg-bergstrasse.de\/wp-content\/uploads\/2020\/04\/DetailOlgaS-1980x1385.jpg 1980w\" sizes=\"(max-width: 1024px) 100vw, 1024px\" \/><figcaption>Oda Schottm\u00fcller mit selbst gefertigter Maske &#8211; Detail aus einer Fotografie von Gulya Pep (Leihgabe Dr. Uwe Emig).<\/figcaption><\/figure>\n\n\n\n<h2 class=\"h2-century-gothic wp-block-heading\">Gertrud Arndt<\/h2>\n\n\n\n<p class=\"p-century-gothic\">Gertrud Arndts Maskenfotografien sind fr\u00fche Beispiele fotografischer Selbstinszenierung. Getrud Arndt (geb. 1903, gest. 2000 in Darmstadt) studierte 1923 bis 1927 am Bauhaus. Ihr Interesse am Gesicht und dessen Ausdrucksvielfalt lie\u00df sie Variationen von Verkleidung und Mimik austesten und die M\u00f6glichkeiten von individueller Physiognomie, von Rollenvorstellungen und diversen Identit\u00e4ten erkunden. Die Maske ist in diesem Fall das eigene Gesicht: &#8222;Was ist man? \u2026 Vielleicht hat man immer eine Maske \u2026 Du bist doch immer wieder anders, so vielerlei. Irgendwo hat man immer einen Ausdruck, den man haben will. Das k\u00f6nnte man doch Maske nennen.\u201c<\/p>\n\n\n\n<p class=\"p-century-gothic\"><\/p>\n\n\n\n<figure class=\"wp-block-image size-large\"><img loading=\"lazy\" decoding=\"async\" width=\"1024\" height=\"694\" src=\"https:\/\/klg-bergstrasse.de\/wp-content\/uploads\/2020\/04\/GertrudArndtMaskenfotoNr39und38-1024x694.jpg\" alt=\"\" class=\"wp-image-351\" srcset=\"https:\/\/klg-bergstrasse.de\/wp-content\/uploads\/2020\/04\/GertrudArndtMaskenfotoNr39und38-1024x694.jpg 1024w, https:\/\/klg-bergstrasse.de\/wp-content\/uploads\/2020\/04\/GertrudArndtMaskenfotoNr39und38-300x203.jpg 300w, https:\/\/klg-bergstrasse.de\/wp-content\/uploads\/2020\/04\/GertrudArndtMaskenfotoNr39und38-768x521.jpg 768w, https:\/\/klg-bergstrasse.de\/wp-content\/uploads\/2020\/04\/GertrudArndtMaskenfotoNr39und38-1536x1041.jpg 1536w, https:\/\/klg-bergstrasse.de\/wp-content\/uploads\/2020\/04\/GertrudArndtMaskenfotoNr39und38-2048x1389.jpg 2048w, https:\/\/klg-bergstrasse.de\/wp-content\/uploads\/2020\/04\/GertrudArndtMaskenfotoNr39und38-1200x814.jpg 1200w, https:\/\/klg-bergstrasse.de\/wp-content\/uploads\/2020\/04\/GertrudArndtMaskenfotoNr39und38-1980x1342.jpg 1980w\" sizes=\"(max-width: 1024px) 100vw, 1024px\" \/><figcaption>Gertrud Arndt: Maskenfoto Nr. 39 (li) und Nr. 38, Dessau, 1929\/30<br>\u00a9 Hugo Arndt<\/figcaption><\/figure>\n\n\n\n<p><\/p>\n\n\n\n<p class=\"p-century-gothic\">Ob und unter welchen Bedingungen die Ausstellung doch noch zu besuchen sein wird, erfahren Sie auf dieser Webseite und beim <a href=\"https:\/\/www.heppenheim.de\/leben-in-heppenheim\/museum-fuer-stadtgeschichte\/\">Museum Heppenheim.<\/a><\/p>\n","protected":false},"excerpt":{"rendered":"<p>Ausstellung im Museum Heppenheim M\u00e4rz\/April 2020 Nur sehr wenige hatten wegen der Corona-Krise bislang das Gl\u00fcck, die interessante Ausstellung sehen zu k\u00f6nnen. Nun ergibt sich noch eine Chance, und die Schau geht in die Verl\u00e4ngerung bis zum 28. Juni. Ab wann das Museum wieder besucht werden darf, ist allerdings ungewiss. Einstweilen finden Sie hier einen [&hellip;]<\/p>\n","protected":false},"author":1,"featured_media":0,"parent":0,"menu_order":0,"comment_status":"closed","ping_status":"closed","template":"","meta":{"ngg_post_thumbnail":0,"footnotes":""},"_links":{"self":[{"href":"https:\/\/klg-bergstrasse.de\/index.php?rest_route=\/wp\/v2\/pages\/290"}],"collection":[{"href":"https:\/\/klg-bergstrasse.de\/index.php?rest_route=\/wp\/v2\/pages"}],"about":[{"href":"https:\/\/klg-bergstrasse.de\/index.php?rest_route=\/wp\/v2\/types\/page"}],"author":[{"embeddable":true,"href":"https:\/\/klg-bergstrasse.de\/index.php?rest_route=\/wp\/v2\/users\/1"}],"replies":[{"embeddable":true,"href":"https:\/\/klg-bergstrasse.de\/index.php?rest_route=%2Fwp%2Fv2%2Fcomments&post=290"}],"version-history":[{"count":36,"href":"https:\/\/klg-bergstrasse.de\/index.php?rest_route=\/wp\/v2\/pages\/290\/revisions"}],"predecessor-version":[{"id":451,"href":"https:\/\/klg-bergstrasse.de\/index.php?rest_route=\/wp\/v2\/pages\/290\/revisions\/451"}],"wp:attachment":[{"href":"https:\/\/klg-bergstrasse.de\/index.php?rest_route=%2Fwp%2Fv2%2Fmedia&parent=290"}],"curies":[{"name":"wp","href":"https:\/\/api.w.org\/{rel}","templated":true}]}}