{"id":50,"date":"2020-04-14T14:37:45","date_gmt":"2020-04-14T14:37:45","guid":{"rendered":"https:\/\/klg-bergstrasse.de\/?page_id=50"},"modified":"2021-04-07T14:57:08","modified_gmt":"2021-04-07T14:57:08","slug":"biografie","status":"publish","type":"page","link":"https:\/\/klg-bergstrasse.de\/?page_id=50","title":{"rendered":"Biografie"},"content":{"rendered":"\n<div class=\"wp-block-image\"><figure class=\"aligncenter size-large\"><img loading=\"lazy\" decoding=\"async\" width=\"515\" height=\"260\" src=\"https:\/\/klg-bergstrasse.de\/wp-content\/uploads\/2021\/04\/LG_Portraet_Detail.jpg\" alt=\"\" class=\"wp-image-583\" srcset=\"https:\/\/klg-bergstrasse.de\/wp-content\/uploads\/2021\/04\/LG_Portraet_Detail.jpg 515w, https:\/\/klg-bergstrasse.de\/wp-content\/uploads\/2021\/04\/LG_Portraet_Detail-300x151.jpg 300w\" sizes=\"(max-width: 515px) 100vw, 515px\" \/><\/figure><\/div>\n\n\n\n<h6 class=\"wp-block-heading\">1898 <\/h6>\n\n\n\n<p class=\"p-century-gothic\">geboren in Heusweiler<\/p>\n\n\n\n<h6 class=\"wp-block-heading\">1914 <\/h6>\n\n\n\n<p class=\"p-century-gothic\">Malerlehre im v\u00e4terlichen Betrieb (wenig Neigung zu T\u00e4tigkeiten wie Anstreichen und Tapezieren, deshalb kreativere Aufgaben: Entw\u00fcrfe f\u00fcr Marmorimitationen, Reklameschilder, Schaufensterdekorationen, Ornamententw\u00fcrfe, B\u00fchnenmalereien); k\u00fcnstlerischer Unterricht durch den \u00e4lteren Bruder Fritz, der an der Dresdner Kunstakademie studiert hatte und sein erstes Atelier im Elternhaus eingerichtet hatte<\/p>\n\n\n\n<h6 class=\"wp-block-heading\">1916 <\/h6>\n\n\n\n<p class=\"p-century-gothic\">erste Selbstbildnisse, Kopfstudien, Stillleben; Kriegshilfsdienst als technischer Zeichner in einer Fabrik f\u00fcr Generatorenbau<\/p>\n\n\n\n<h6 class=\"wp-block-heading\">1921-23 <\/h6>\n\n\n\n<p class=\"p-century-gothic\">Studium an der Kunstakademie in Kassel bei Prof. Kurt Witte und Prof. Kay Heinrich Nebel, Abwendung von der akademischen Lehre; Grewenig schl\u00e4gt einen eigenen k\u00fcnstlerischen Weg ein: erz\u00e4hlend gegenst\u00e4ndliche Malweise, Motive aus dem Volksleben; Studienreise nach Paris<\/p>\n\n\n\n<h6 class=\"wp-block-heading\">1924-25 <\/h6>\n\n\n\n<p class=\"p-century-gothic\">Studium am Bauhaus in Weimar: Vorkurs bei Laszlo Moholy-Nagy und Josef Albers, Aufnahme in die Klasse f\u00fcr Wandmalerei bei Kandinsky, \u00dcbungen und Vortr\u00e4ge bei Paul Klee<\/p>\n\n\n\n<h6 class=\"wp-block-heading\">1925 <\/h6>\n\n\n\n<p class=\"p-century-gothic\">Gesellenbrief des Bauhauses (Wandmalerei) und Meisterbrief f\u00fcr das Malerhandwerk, Durchf\u00fchrung einer parktischen Arbeit im Haus der Familie Ortlepp, Freunde von Wassily und Nina Kandinsky; Fortsetzung der gegenst\u00e4ndlichen Malerei trotz Bauhauslehre<\/p>\n\n\n\n<h6 class=\"wp-block-heading\">1926-28 <\/h6>\n\n\n\n<p class=\"p-century-gothic\">Lehrt\u00e4tigkeit im Saarland in der Glasmacherklasse der Gewerblichen Berufsschule in Wadgassen\/Saar<\/p>\n\n\n\n<h6 class=\"wp-block-heading\">1928 <\/h6>\n\n\n\n<p class=\"p-century-gothic\">\u00dcbersiedlung nach Berlin; T\u00e4tigkeit als freier Maler, erste Beteiligung an Ausstellungen der Berliner Sezession, Bekanntschaft mit Max Liebermann<\/p>\n\n\n\n<h6 class=\"wp-block-heading\">1929-31 <\/h6>\n\n\n\n<p class=\"p-century-gothic\">Kunstschule Berlin-Sch\u00f6neberg in der Klasse von Georg Tappert; Beteiligung an den Ausstellungen der Berliner Sezession, u. a. mit den Malern der Br\u00fccke, mit Kandinsky und Feininger, in der Modernen Galerie Wertheim, an den Jahresausstellungen des Berliner Verlegers und Kunstf\u00f6rderers Paul Westheim<\/p>\n\n\n\n<h6 class=\"wp-block-heading\">1931 <\/h6>\n\n\n\n<p class=\"p-century-gothic\">Staatsexamen f\u00fcr das h\u00f6here Lehramt im Fach Kunsterziehung<\/p>\n\n\n\n<h6 class=\"wp-block-heading\">1932-57 <\/h6>\n\n\n\n<p class=\"p-century-gothic\">Lehrt\u00e4tigkeit als Kunsterzieher an Gymnasien im Saarland<\/p>\n\n\n\n<h6 class=\"wp-block-heading\">1935 <\/h6>\n\n\n\n<p class=\"p-century-gothic\">Lehrt\u00e4tigkeit in Dillingen; seine Arbeiten werden zunehmend angefeindet; um im Schuldienst bleiben zu k\u00f6nnen, macht er stilistische Konzessionen (Naturstudien, Dorfansichten)<\/p>\n\n\n\n<h6 class=\"wp-block-heading\">1942 <\/h6>\n\n\n\n<p class=\"p-century-gothic\">Ausstellungsverbot und Ausschlu\u00df aus der Reichskulturkammer<\/p>\n\n\n\n<h6 class=\"wp-block-heading\">1944-45 <\/h6>\n\n\n\n<p class=\"p-century-gothic\">ein Jahr Kriegseinsatz an der Ostfront<\/p>\n\n\n\n<h6 class=\"wp-block-heading\">1945 <\/h6>\n\n\n\n<p class=\"p-century-gothic\">R\u00fcckkehr aus dem Krieg; Wiederaufnahme der k\u00fcnstlerischen T\u00e4tigkeit, Neuorientierung, Losl\u00f6sung von der gegenst\u00e4ndlichen Malerei<\/p>\n\n\n\n<h6 class=\"wp-block-heading\">1950-1956 <\/h6>\n\n\n\n<p class=\"p-century-gothic\">Lehrt\u00e4tigkeit an Gymnasien, zun\u00e4chst in Dillingen, danach am Knaben-Gymnasium in V\u00f6lklingen<\/p>\n\n\n\n<h6 class=\"wp-block-heading\">1957 <\/h6>\n\n\n\n<p class=\"p-century-gothic\">Versetzung in den vorzeitigen Ruhestand (aus gesundheitlichen Gr\u00fcnden), \u00dcbersiedelung nach Bensheim an der Bergstra\u00dfe; hier entsteht der Gro\u00dfteil seines (erhaltenen) Werkes<\/p>\n\n\n\n<h6 class=\"wp-block-heading\">1961-73 <\/h6>\n\n\n\n<p class=\"p-century-gothic\">Nebenamtliche Lehrt\u00e4tigkeit in Bensheim<\/p>\n\n\n\n<h6 class=\"wp-block-heading\">1973 <\/h6>\n\n\n\n<p class=\"p-century-gothic\">die saarl\u00e4ndische Landesregierung verleiht Grewenig den Professoren-Titel<\/p>\n\n\n\n<h6 class=\"wp-block-heading\">1977 <\/h6>\n\n\n\n<p class=\"p-century-gothic\">Verleihung des Bundesverdienstkreuzes<\/p>\n\n\n\n<h6 class=\"wp-block-heading\">1983 <\/h6>\n\n\n\n<p class=\"p-century-gothic\">Verleihung der Silbernen Ehrenmedaille der Stadt Bensheim<\/p>\n\n\n\n<h6 class=\"wp-block-heading\">1989 <\/h6>\n\n\n\n<p class=\"p-century-gothic\">Preis des W\u00fcrttembergischen Kunstvereins, Stuttgart<\/p>\n\n\n\n<h6 class=\"wp-block-heading\">1991 <\/h6>\n\n\n\n<p class=\"p-century-gothic\">gestorben in Bensheim<\/p>\n","protected":false},"excerpt":{"rendered":"<p>1898 geboren in Heusweiler 1914 Malerlehre im v\u00e4terlichen Betrieb (wenig Neigung zu T\u00e4tigkeiten wie Anstreichen und Tapezieren, deshalb kreativere Aufgaben: Entw\u00fcrfe f\u00fcr Marmorimitationen, Reklameschilder, Schaufensterdekorationen, Ornamententw\u00fcrfe, B\u00fchnenmalereien); k\u00fcnstlerischer Unterricht durch den \u00e4lteren Bruder Fritz, der an der Dresdner Kunstakademie studiert hatte und sein erstes Atelier im Elternhaus eingerichtet hatte 1916 erste Selbstbildnisse, Kopfstudien, Stillleben; Kriegshilfsdienst [&hellip;]<\/p>\n","protected":false},"author":1,"featured_media":0,"parent":2,"menu_order":0,"comment_status":"closed","ping_status":"closed","template":"","meta":{"ngg_post_thumbnail":0,"footnotes":""},"_links":{"self":[{"href":"https:\/\/klg-bergstrasse.de\/index.php?rest_route=\/wp\/v2\/pages\/50"}],"collection":[{"href":"https:\/\/klg-bergstrasse.de\/index.php?rest_route=\/wp\/v2\/pages"}],"about":[{"href":"https:\/\/klg-bergstrasse.de\/index.php?rest_route=\/wp\/v2\/types\/page"}],"author":[{"embeddable":true,"href":"https:\/\/klg-bergstrasse.de\/index.php?rest_route=\/wp\/v2\/users\/1"}],"replies":[{"embeddable":true,"href":"https:\/\/klg-bergstrasse.de\/index.php?rest_route=%2Fwp%2Fv2%2Fcomments&post=50"}],"version-history":[{"count":10,"href":"https:\/\/klg-bergstrasse.de\/index.php?rest_route=\/wp\/v2\/pages\/50\/revisions"}],"predecessor-version":[{"id":585,"href":"https:\/\/klg-bergstrasse.de\/index.php?rest_route=\/wp\/v2\/pages\/50\/revisions\/585"}],"up":[{"embeddable":true,"href":"https:\/\/klg-bergstrasse.de\/index.php?rest_route=\/wp\/v2\/pages\/2"}],"wp:attachment":[{"href":"https:\/\/klg-bergstrasse.de\/index.php?rest_route=%2Fwp%2Fv2%2Fmedia&parent=50"}],"curies":[{"name":"wp","href":"https:\/\/api.w.org\/{rel}","templated":true}]}}