{"id":53,"date":"2020-04-14T14:38:22","date_gmt":"2020-04-14T14:38:22","guid":{"rendered":"https:\/\/klg-bergstrasse.de\/?page_id=53"},"modified":"2021-05-31T08:45:32","modified_gmt":"2021-05-31T08:45:32","slug":"quellen","status":"publish","type":"page","link":"https:\/\/klg-bergstrasse.de\/?page_id=53","title":{"rendered":"Quellen"},"content":{"rendered":"\n<div class=\"wp-block-group\"><div class=\"wp-block-group__inner-container is-layout-flow wp-block-group-is-layout-flow\">\n<p class=\"p-century-gothic\">Webseite zu <a href=\"https:\/\/www.leo-grewenig.de\">Leo Grewenig<\/a><\/p>\n\n\n\n<p class=\"p-century-gothic\"><a href=\"https:\/\/www.stadtkultur-bensheim.de\/museum\/sammlungen\/kunstsammlung\/grafiken\/sammlung-leo-grewenig\/\">Grewenig-Sammlung<\/a> des Kunstarchivs Bergstra\u00dfe im Museum Bensheim<\/p>\n\n\n\n<p class=\"p-century-gothic\">J\u00fcrgen Hirschauer, &#8222;Leo Grewenig (1898 &#8211; 1991), Leben und Werk mit einem kritischen Katalog s\u00e4mtlicher Arbeiten&#8220;, <a rel=\"noreferrer noopener\" href=\"https:\/\/www.ub.uni-heidelberg.de\/archiv\/1514\" target=\"_blank\">Dissertation 1998<\/a> <\/p>\n<\/div><\/div>\n\n\n\n<div class=\"wp-block-group\"><div class=\"wp-block-group__inner-container is-layout-flow wp-block-group-is-layout-flow\">\n<p class=\"p-century-gothic\">Eintrag zu Leo Grewenig im <a href=\"https:\/\/institut-aktuelle-kunst.de\/kuenstlerlexikon\/grewenig-leo\" target=\"_blank\" rel=\"noreferrer noopener\">K\u00fcnstlerlexikon Saar<\/a> <\/p>\n\n\n\n<p class=\"p-century-gothic\">Bilddatenbank der Stiftung <a rel=\"noreferrer noopener\" href=\"https:\/\/cumulus.bauhaus-dessau.de\/index.jsp\" target=\"_blank\">Bauhaus Dessau<\/a><\/p>\n<\/div><\/div>\n\n\n\n<p><\/p>\n","protected":false},"excerpt":{"rendered":"<p>Webseite zu Leo Grewenig Grewenig-Sammlung des Kunstarchivs Bergstra\u00dfe im Museum Bensheim J\u00fcrgen Hirschauer, &#8222;Leo Grewenig (1898 &#8211; 1991), Leben und Werk mit einem kritischen Katalog s\u00e4mtlicher Arbeiten&#8220;, Dissertation 1998 Eintrag zu Leo Grewenig im K\u00fcnstlerlexikon Saar Bilddatenbank der Stiftung Bauhaus Dessau<\/p>\n","protected":false},"author":1,"featured_media":0,"parent":2,"menu_order":0,"comment_status":"closed","ping_status":"closed","template":"","meta":{"ngg_post_thumbnail":0,"footnotes":""},"_links":{"self":[{"href":"https:\/\/klg-bergstrasse.de\/index.php?rest_route=\/wp\/v2\/pages\/53"}],"collection":[{"href":"https:\/\/klg-bergstrasse.de\/index.php?rest_route=\/wp\/v2\/pages"}],"about":[{"href":"https:\/\/klg-bergstrasse.de\/index.php?rest_route=\/wp\/v2\/types\/page"}],"author":[{"embeddable":true,"href":"https:\/\/klg-bergstrasse.de\/index.php?rest_route=\/wp\/v2\/users\/1"}],"replies":[{"embeddable":true,"href":"https:\/\/klg-bergstrasse.de\/index.php?rest_route=%2Fwp%2Fv2%2Fcomments&post=53"}],"version-history":[{"count":11,"href":"https:\/\/klg-bergstrasse.de\/index.php?rest_route=\/wp\/v2\/pages\/53\/revisions"}],"predecessor-version":[{"id":692,"href":"https:\/\/klg-bergstrasse.de\/index.php?rest_route=\/wp\/v2\/pages\/53\/revisions\/692"}],"up":[{"embeddable":true,"href":"https:\/\/klg-bergstrasse.de\/index.php?rest_route=\/wp\/v2\/pages\/2"}],"wp:attachment":[{"href":"https:\/\/klg-bergstrasse.de\/index.php?rest_route=%2Fwp%2Fv2%2Fmedia&parent=53"}],"curies":[{"name":"wp","href":"https:\/\/api.w.org\/{rel}","templated":true}]}}