{"id":532,"date":"2021-04-07T14:36:02","date_gmt":"2021-04-07T14:36:02","guid":{"rendered":"https:\/\/klg-bergstrasse.de\/?page_id=532"},"modified":"2023-03-10T15:56:19","modified_gmt":"2023-03-10T15:56:19","slug":"bensheim-ritterplatz","status":"publish","type":"page","link":"https:\/\/klg-bergstrasse.de\/?page_id=532","title":{"rendered":"Bensheim: Ritterplatz"},"content":{"rendered":"\n<div class=\"wp-block-media-text alignwide is-stacked-on-mobile\"><figure class=\"wp-block-media-text__media\"><img loading=\"lazy\" decoding=\"async\" width=\"1024\" height=\"683\" src=\"https:\/\/klg-bergstrasse.de\/wp-content\/uploads\/2021\/04\/IMG_0816-1024x683.jpg\" alt=\"\" class=\"wp-image-538 size-full\" srcset=\"https:\/\/klg-bergstrasse.de\/wp-content\/uploads\/2021\/04\/IMG_0816-1024x683.jpg 1024w, https:\/\/klg-bergstrasse.de\/wp-content\/uploads\/2021\/04\/IMG_0816-300x200.jpg 300w, https:\/\/klg-bergstrasse.de\/wp-content\/uploads\/2021\/04\/IMG_0816-768x512.jpg 768w, https:\/\/klg-bergstrasse.de\/wp-content\/uploads\/2021\/04\/IMG_0816-1536x1024.jpg 1536w, https:\/\/klg-bergstrasse.de\/wp-content\/uploads\/2021\/04\/IMG_0816-2048x1365.jpg 2048w, https:\/\/klg-bergstrasse.de\/wp-content\/uploads\/2021\/04\/IMG_0816-1200x800.jpg 1200w, https:\/\/klg-bergstrasse.de\/wp-content\/uploads\/2021\/04\/IMG_0816-1980x1320.jpg 1980w\" sizes=\"(max-width: 1024px) 100vw, 1024px\" \/><\/figure><div class=\"wp-block-media-text__content\">\n<p class=\"p-century-gothic has-subtle-background-background-color has-background has-small-font-size\">Gesch\u00e4ftshaus<\/p>\n\n\n\n<p class=\"p-century-gothic has-subtle-background-background-color has-background has-small-font-size\">Baujahr: um 1958<\/p>\n\n\n\n<p class=\"p-century-gothic has-subtle-background-background-color has-background has-small-font-size\">Architekt: Ernst-Erich Liesenfeld<\/p>\n\n\n\n<p class=\"p-century-gothic has-subtle-background-background-color has-background has-small-font-size\">empfohlen von: Eva Bambach<\/p>\n\n\n\n<p class=\"p-century-gothic has-subtle-background-background-color has-background has-small-font-size\">Fotos: Eva Bambach<\/p>\n<\/div><\/div>\n\n\n\n<p class=\"p-century-gothic\">Eine Sch\u00f6nheit auf den dritten Blick ist das Geb\u00e4ude an der \u2013 vom Marktplatz kommend &#8211; linken Seite der Einm\u00fcndung der Hauptstra\u00dfe in den Ritterplatz. Am meisten springt noch das halbrund gew\u00f6lbte Schaufenster ins Auge, einmalig in Bensheim und inzwischen allgemein eine bauhistorische Rarit\u00e4t. Der Rest des wohl Ende der 1950er Jahre errichteten Geb\u00e4udes verliert sich im Gewirr der Schilder, Pfosten, K\u00fcbeln und Pflasterungen der Umgebung. Allzu filigran sind die Details des Geb\u00e4udes vielleicht f\u00fcr heutige Verh\u00e4ltnisse.<\/p>\n\n\n\n<p class=\"p-century-gothic\">Da, wo das Wohn- und Gesch\u00e4ftshaus heute steht, befand sich fr\u00fcher das Weingut Louis Guntrum. Der Bensheimer Heimatforscher Rudolf Schmitt berichtet, dass die zugeh\u00f6rigen Geb\u00e4ude am Ende des Zweiten Weltkrieges durch Bomben zerst\u00f6rt wurden. 1958 habe Gustaf Walter Guntrum das gesamte Areal an die Stadt Bensheim verkauft, die das Gel\u00e4nde neu parzellierte. Den n\u00f6rdlichen Teil erwarben die Familien Heiser und Miconi, die gemeinsam ein Gesch\u00e4ftshaus errichten lie\u00df. Architekt war, so erinnert sich Yvonne Miconi, Ernst-Erich Liesenfeld, der 2011 in Lindenfels gestorben ist.<\/p>\n\n\n\n<figure class=\"wp-block-image size-large\"><img loading=\"lazy\" decoding=\"async\" width=\"1024\" height=\"683\" src=\"https:\/\/klg-bergstrasse.de\/wp-content\/uploads\/2021\/04\/IMG_0829-1024x683.jpg\" alt=\"\" class=\"wp-image-570\" srcset=\"https:\/\/klg-bergstrasse.de\/wp-content\/uploads\/2021\/04\/IMG_0829-1024x683.jpg 1024w, https:\/\/klg-bergstrasse.de\/wp-content\/uploads\/2021\/04\/IMG_0829-300x200.jpg 300w, https:\/\/klg-bergstrasse.de\/wp-content\/uploads\/2021\/04\/IMG_0829-768x512.jpg 768w, https:\/\/klg-bergstrasse.de\/wp-content\/uploads\/2021\/04\/IMG_0829-1536x1024.jpg 1536w, https:\/\/klg-bergstrasse.de\/wp-content\/uploads\/2021\/04\/IMG_0829-2048x1365.jpg 2048w, https:\/\/klg-bergstrasse.de\/wp-content\/uploads\/2021\/04\/IMG_0829-1200x800.jpg 1200w, https:\/\/klg-bergstrasse.de\/wp-content\/uploads\/2021\/04\/IMG_0829-1980x1320.jpg 1980w\" sizes=\"(max-width: 1024px) 100vw, 1024px\" \/><figcaption>Urspr\u00fcnglich in vollkommener Symmetrie: Der mit Leisten und Rahmungen vielfach akzentuierte Doppeleingang.<\/figcaption><\/figure>\n\n\n\n<p class=\"p-century-gothic\">Im vorderen Teil mit dem markanten Schaufenster betrieb die Familie Miconi dann einen Obst- und Gem\u00fcsehandel, im anderen Geb\u00e4udeteil befand sich das Juweliergesch\u00e4ft Hei\u00dfer. Die Gestaltung greift ganz die Prinzipien der Architektur der 1950er-Jahre auf. Nach dem Motto: &#8222;Licht, Luft und Sonne f\u00fcr alle!&#8220; bestimmten m\u00f6glichst gro\u00dfe Fenster das Bild. Dekorative Details und freundliche Materialien sollten die Bauk\u00f6rper mit Stimmung versehen &#8211; eine \u201anette\u2018 Moderne, die das Bauen des Nachkriegswohlstands bestimmte. Merkmale wie ein weit ausschwingendes Vordach und zarte Fensterprofile finden sich auch an unserem Beispiel am Ritterplatz. Leichtigkeit und Transparenz wurden damals geradezu politisch verstanden, als Zeichen f\u00fcr ein demokratisches Bauen jenseits des symmetrischen Pomps der NS-Zeit.<\/p>\n\n\n\n<figure class=\"wp-block-image size-large\"><img loading=\"lazy\" decoding=\"async\" width=\"1024\" height=\"683\" src=\"https:\/\/klg-bergstrasse.de\/wp-content\/uploads\/2021\/04\/IMG_0822-1024x683.jpg\" alt=\"\" class=\"wp-image-534\" srcset=\"https:\/\/klg-bergstrasse.de\/wp-content\/uploads\/2021\/04\/IMG_0822-1024x683.jpg 1024w, https:\/\/klg-bergstrasse.de\/wp-content\/uploads\/2021\/04\/IMG_0822-300x200.jpg 300w, https:\/\/klg-bergstrasse.de\/wp-content\/uploads\/2021\/04\/IMG_0822-768x512.jpg 768w, https:\/\/klg-bergstrasse.de\/wp-content\/uploads\/2021\/04\/IMG_0822-1536x1024.jpg 1536w, https:\/\/klg-bergstrasse.de\/wp-content\/uploads\/2021\/04\/IMG_0822-2048x1365.jpg 2048w, https:\/\/klg-bergstrasse.de\/wp-content\/uploads\/2021\/04\/IMG_0822-1200x800.jpg 1200w, https:\/\/klg-bergstrasse.de\/wp-content\/uploads\/2021\/04\/IMG_0822-1980x1320.jpg 1980w\" sizes=\"(max-width: 1024px) 100vw, 1024px\" \/><figcaption>K\u00fchn geschwungen ist das gro\u00dfe Schaufenster zum Ritterplatz hin. Aus der N\u00e4he fasziniert der \u00dcbergang der im stumpfen Winkel verlaufenden vertikalen Begrenzung zur senkrechten T\u00fcr (im Foto verzerrt wiedergegeben).<\/figcaption><\/figure>\n\n\n\n<p class=\"p-century-gothic\">Fenster waren deshalb pr\u00e4gend f\u00fcr die Formen dieser Architektur: Gro\u00dfe, m\u00f6glichst ungeteilte Glasfl\u00e4chen zwischen fein gegliederten, in den Ma\u00dfen auf ein Minimum reduzierten Profilen. Neu und sehr beliebt waren in den 1950er-Jahren gold- oder messingfarben eloxierte Aufsteckleisten und Schaufensterprofile aus Leichtmetall.<\/p>\n\n\n\n<div class=\"wp-block-media-text has-media-on-the-right is-stacked-on-mobile is-vertically-aligned-center\"><figure class=\"wp-block-media-text__media\"><img loading=\"lazy\" decoding=\"async\" width=\"300\" height=\"200\" src=\"https:\/\/klg-bergstrasse.de\/wp-content\/uploads\/2021\/04\/IMG_0825-300x200.jpg\" alt=\"\" class=\"wp-image-567 size-medium\" srcset=\"https:\/\/klg-bergstrasse.de\/wp-content\/uploads\/2021\/04\/IMG_0825-300x200.jpg 300w, https:\/\/klg-bergstrasse.de\/wp-content\/uploads\/2021\/04\/IMG_0825-1024x683.jpg 1024w, https:\/\/klg-bergstrasse.de\/wp-content\/uploads\/2021\/04\/IMG_0825-768x512.jpg 768w, https:\/\/klg-bergstrasse.de\/wp-content\/uploads\/2021\/04\/IMG_0825-1536x1024.jpg 1536w, https:\/\/klg-bergstrasse.de\/wp-content\/uploads\/2021\/04\/IMG_0825-2048x1365.jpg 2048w, https:\/\/klg-bergstrasse.de\/wp-content\/uploads\/2021\/04\/IMG_0825-1200x800.jpg 1200w, https:\/\/klg-bergstrasse.de\/wp-content\/uploads\/2021\/04\/IMG_0825-1980x1320.jpg 1980w\" sizes=\"(max-width: 300px) 100vw, 300px\" \/><\/figure><div class=\"wp-block-media-text__content\">\n<p>Typisch 1950er-Jahre: fein profilierte Metalleisten &#8230;<\/p>\n<\/div><\/div>\n\n\n\n<div class=\"wp-block-media-text is-stacked-on-mobile\"><figure class=\"wp-block-media-text__media\"><img loading=\"lazy\" decoding=\"async\" width=\"300\" height=\"200\" src=\"https:\/\/klg-bergstrasse.de\/wp-content\/uploads\/2021\/04\/IMG_0834-300x200.jpg\" alt=\"\" class=\"wp-image-568 size-medium\" srcset=\"https:\/\/klg-bergstrasse.de\/wp-content\/uploads\/2021\/04\/IMG_0834-300x200.jpg 300w, https:\/\/klg-bergstrasse.de\/wp-content\/uploads\/2021\/04\/IMG_0834-1024x683.jpg 1024w, https:\/\/klg-bergstrasse.de\/wp-content\/uploads\/2021\/04\/IMG_0834-768x512.jpg 768w, https:\/\/klg-bergstrasse.de\/wp-content\/uploads\/2021\/04\/IMG_0834-1536x1024.jpg 1536w, https:\/\/klg-bergstrasse.de\/wp-content\/uploads\/2021\/04\/IMG_0834-2048x1365.jpg 2048w, https:\/\/klg-bergstrasse.de\/wp-content\/uploads\/2021\/04\/IMG_0834-1200x800.jpg 1200w, https:\/\/klg-bergstrasse.de\/wp-content\/uploads\/2021\/04\/IMG_0834-1980x1320.jpg 1980w\" sizes=\"(max-width: 300px) 100vw, 300px\" \/><\/figure><div class=\"wp-block-media-text__content\">\n<p>&#8230; gern in messingfarben<\/p>\n<\/div><\/div>\n\n\n\n<p class=\"p-century-gothic\">In vielen St\u00e4dten sind diese Konstruktionen inzwischen unter Denkmalschutz gestellt. Und doch erleidet die Denkmalpflege bei der Verteidigung der filigran profilierten Fenster der 50er-Jahre stetige Niederlagen, etwa in der Abw\u00e4gung mit den Belangen der Energieeinsparung. Auch die geschwungenen, h\u00e4ufig papierd\u00fcnn wirkenden \u00dcberdachungen fallen heute oft dem gewandelten Zeitgeschmack zum Opfer. <\/p>\n\n\n\n<figure class=\"wp-block-image size-large\"><img loading=\"lazy\" decoding=\"async\" width=\"1024\" height=\"683\" src=\"https:\/\/klg-bergstrasse.de\/wp-content\/uploads\/2021\/04\/IMG_0637-1024x683.jpg\" alt=\"\" class=\"wp-image-574\" srcset=\"https:\/\/klg-bergstrasse.de\/wp-content\/uploads\/2021\/04\/IMG_0637-1024x683.jpg 1024w, https:\/\/klg-bergstrasse.de\/wp-content\/uploads\/2021\/04\/IMG_0637-300x200.jpg 300w, https:\/\/klg-bergstrasse.de\/wp-content\/uploads\/2021\/04\/IMG_0637-768x512.jpg 768w, https:\/\/klg-bergstrasse.de\/wp-content\/uploads\/2021\/04\/IMG_0637-1536x1024.jpg 1536w, https:\/\/klg-bergstrasse.de\/wp-content\/uploads\/2021\/04\/IMG_0637-2048x1365.jpg 2048w, https:\/\/klg-bergstrasse.de\/wp-content\/uploads\/2021\/04\/IMG_0637-1200x800.jpg 1200w, https:\/\/klg-bergstrasse.de\/wp-content\/uploads\/2021\/04\/IMG_0637-1980x1320.jpg 1980w\" sizes=\"(max-width: 1024px) 100vw, 1024px\" \/><\/figure>\n\n\n\n<p class=\"p-century-gothic\">So typisch f\u00fcr die 1950er-Jahre das Geb\u00e4ude am Ritterplatz auch ist \u2013 es nimmt doch offensichtlich Bezug auf die individuelle Situation. Das gesamte Geb\u00e4ude ist als Rundung angelegt, auf einem Radius, der dem auf Fotos aus der Zeit vor dem Krieg zu erkennenden Grundst\u00fccksverlauf entspricht. Das geschwungene Fenster mit seiner ebenso k\u00fchnen \u00dcberdachung erscheint auch in seinen Dimensionen als Reflex auf den im 19. errichteten klassizistischen Pavillon genau gegen\u00fcber an der Ecke zum Stadtpark.<\/p>\n\n\n\n<figure class=\"wp-block-image size-large\"><img loading=\"lazy\" decoding=\"async\" width=\"1024\" height=\"685\" src=\"https:\/\/klg-bergstrasse.de\/wp-content\/uploads\/2021\/04\/Pavillon-1024x685.jpg\" alt=\"\" class=\"wp-image-572\" srcset=\"https:\/\/klg-bergstrasse.de\/wp-content\/uploads\/2021\/04\/Pavillon-1024x685.jpg 1024w, https:\/\/klg-bergstrasse.de\/wp-content\/uploads\/2021\/04\/Pavillon-300x201.jpg 300w, https:\/\/klg-bergstrasse.de\/wp-content\/uploads\/2021\/04\/Pavillon-768x514.jpg 768w, https:\/\/klg-bergstrasse.de\/wp-content\/uploads\/2021\/04\/Pavillon-1536x1028.jpg 1536w, https:\/\/klg-bergstrasse.de\/wp-content\/uploads\/2021\/04\/Pavillon-2048x1370.jpg 2048w, https:\/\/klg-bergstrasse.de\/wp-content\/uploads\/2021\/04\/Pavillon-1200x803.jpg 1200w, https:\/\/klg-bergstrasse.de\/wp-content\/uploads\/2021\/04\/Pavillon-1980x1325.jpg 1980w\" sizes=\"(max-width: 1024px) 100vw, 1024px\" \/><\/figure>\n\n\n\n<p><\/p>\n\n\n\n<div class=\"wp-block-buttons is-layout-flex wp-block-buttons-is-layout-flex\">\n<div class=\"wp-block-button\"><a class=\"wp-block-button__link\" href=\"https:\/\/klg-bergstrasse.de\/?page_id=544\">Zur\u00fcck zu: Bauhaus &#8211; und weiter?<\/a><\/div>\n<\/div>\n\n\n\n<p><\/p>\n","protected":false},"excerpt":{"rendered":"<p>Gesch\u00e4ftshaus Baujahr: um 1958 Architekt: Ernst-Erich Liesenfeld empfohlen von: Eva Bambach Fotos: Eva Bambach Eine Sch\u00f6nheit auf den dritten Blick ist das Geb\u00e4ude an der \u2013 vom Marktplatz kommend &#8211; linken Seite der Einm\u00fcndung der Hauptstra\u00dfe in den Ritterplatz. Am meisten springt noch das halbrund gew\u00f6lbte Schaufenster ins Auge, einmalig in Bensheim und inzwischen allgemein [&hellip;]<\/p>\n","protected":false},"author":1,"featured_media":0,"parent":544,"menu_order":0,"comment_status":"closed","ping_status":"closed","template":"","meta":{"ngg_post_thumbnail":0,"footnotes":""},"_links":{"self":[{"href":"https:\/\/klg-bergstrasse.de\/index.php?rest_route=\/wp\/v2\/pages\/532"}],"collection":[{"href":"https:\/\/klg-bergstrasse.de\/index.php?rest_route=\/wp\/v2\/pages"}],"about":[{"href":"https:\/\/klg-bergstrasse.de\/index.php?rest_route=\/wp\/v2\/types\/page"}],"author":[{"embeddable":true,"href":"https:\/\/klg-bergstrasse.de\/index.php?rest_route=\/wp\/v2\/users\/1"}],"replies":[{"embeddable":true,"href":"https:\/\/klg-bergstrasse.de\/index.php?rest_route=%2Fwp%2Fv2%2Fcomments&post=532"}],"version-history":[{"count":39,"href":"https:\/\/klg-bergstrasse.de\/index.php?rest_route=\/wp\/v2\/pages\/532\/revisions"}],"predecessor-version":[{"id":900,"href":"https:\/\/klg-bergstrasse.de\/index.php?rest_route=\/wp\/v2\/pages\/532\/revisions\/900"}],"up":[{"embeddable":true,"href":"https:\/\/klg-bergstrasse.de\/index.php?rest_route=\/wp\/v2\/pages\/544"}],"wp:attachment":[{"href":"https:\/\/klg-bergstrasse.de\/index.php?rest_route=%2Fwp%2Fv2%2Fmedia&parent=532"}],"curies":[{"name":"wp","href":"https:\/\/api.w.org\/{rel}","templated":true}]}}