{"id":655,"date":"2021-05-10T08:07:48","date_gmt":"2021-05-10T08:07:48","guid":{"rendered":"https:\/\/klg-bergstrasse.de\/?page_id=655"},"modified":"2025-01-10T09:45:04","modified_gmt":"2025-01-10T09:45:04","slug":"projekte","status":"publish","type":"page","link":"https:\/\/klg-bergstrasse.de\/?page_id=655","title":{"rendered":"Projekte"},"content":{"rendered":"\n<p class=\"p-century-gothic\">Ein \u00dcberblick \u00fcber die vom Verein organisierten Ausstellungen, Exkursionen und Vortr\u00e4ge.<\/p>\n\n\n\n<h2 class=\"wp-block-heading h2-century-gothic\"><strong>KLG-Ausstellungen<\/strong><\/h2>\n\n\n\n<p class=\"p-century-gothic\"><strong>\u201eLeo Grewenig\u201c, 27.11.2011 bis 5.2.2012<\/strong><\/p>\n\n\n\n<p class=\"p-century-gothic\">(in Zusammenarbeit mit dem Museum Heppenheim \/ Erste Ausstellung des Vereins, wobei auch das Programm der KLG vorgestellt wurde)<\/p>\n\n\n\n<p class=\"p-century-gothic\"><strong>\u201eMeister \u2013 Sch\u00fcler\u201c \u2013 Leo Grewenig am Bauhaus Weimar, 18.5. bis 29.6.2014<\/strong><\/p>\n\n\n\n<p class=\"p-century-gothic\">(in Zusammenarbeit mit dem Museum Bensheim)<\/p>\n\n\n\n<p class=\"p-century-gothic\"><strong><a href=\"https:\/\/klg-bergstrasse.de\/?p=157\">\u201eDie \u00c4sthetik des Einfachen\u201c <\/a>\u2013 regionales Design im Kontext der Moderne,<\/strong> <strong>7.4. bis 10.6.2019<\/strong><\/p>\n\n\n\n<p class=\"p-century-gothic\">(Ausstellung der KLG zum 100-j\u00e4hrigen Bauhaus-Jubil\u00e4um \/ in Kooperation mit dem Museum Heppenheim)<\/p>\n\n\n\n<p class=\"p-century-gothic\"><strong><a href=\"https:\/\/klg-bergstrasse.de\/?p=161\">\u201eleo grewenig und die neue gruppe saar\u201c<\/a>, 19.5. bis 30.6.2019<\/strong><\/p>\n\n\n\n<p class=\"p-century-gothic\">(Ausstellung des Museums Bensheim zum 100-j\u00e4hrigen Bauhaus-Jubil\u00e4um \/ KLG war Kooperationspartner und hat einen gro\u00dfen Teil der Finanzierung \u00fcbernommen)<\/p>\n\n\n\n<p class=\"p-century-gothic\"><strong><a href=\"https:\/\/klg-bergstrasse.de\/?p=452\">\u201eGeste &#8211; Maske &#8211; Tanz\u201c<\/a> &#8211; im Fokus zwischen Neuer Sachlichkeit und Neuem<\/strong> <strong>Sehen, 15.3. bis 19.4.2020 (wg. Corona verl\u00e4ngert bis 28.6.2020)<\/strong><\/p>\n\n\n\n<p class=\"p-century-gothic\">(in Kooperation mit dem Museum Heppenheim)<\/p>\n\n\n\n<p class=\"p-century-gothic\"><strong><a href=\"https:\/\/klg-bergstrasse.de\/?p=879\">1+1 [konkret] <\/a>5. M\u00e4rz bis 30. April 2023<\/strong><\/p>\n\n\n\n<p class=\"p-century-gothic\">im Museum Heppenheim<\/p>\n\n\n\n<p class=\"p-century-gothic\"><strong><a href=\"https:\/\/klg-bergstrasse.de\/?p=1071\">Felix Schramm &#8211; The Dew of Dust, <\/a>Mai\/Juni 2024<\/strong><\/p>\n\n\n\n<p class=\"p-century-gothic\">im Museum Heppenheim<\/p>\n\n\n\n<p><\/p>\n\n\n\n<h2 class=\"wp-block-heading h2-century-gothic\">KLG-Exkursionen<\/h2>\n\n\n\n<p class=\"p-century-gothic\"><strong>1. Stuttgart, 3.11.2012<\/strong><\/p>\n\n\n\n<p class=\"p-century-gothic\">(Wei\u00dfenhofsiedlung \/ Ausstellung \u201eMythos Atelier\u201c, Staatsgalerie)<\/p>\n\n\n\n<p class=\"p-century-gothic\"><strong>2. Karlsruhe \/ Pfalz, 4.5.2013<\/strong><\/p>\n\n\n\n<p class=\"p-century-gothic\">(Dammerstock-Siedlung \/ ZKM Karlsruhe)<\/p>\n\n\n\n<p class=\"p-century-gothic\"><strong>3. Frankfurt \/ Wiesbaden, 2.11.2013<\/strong><\/p>\n\n\n\n<p class=\"p-century-gothic\">(R\u00f6merstadt \/ Kloster Eberbach \/ Ausstellung \u201eWols\u201c, Museum Wiesbaden)<\/p>\n\n\n\n<p class=\"p-century-gothic\"><strong>4. Baden-Baden \/ Stra\u00dfburg, 10.5.2014<\/strong><\/p>\n\n\n\n<p class=\"p-century-gothic\">(Museum Frieder Burda, Architektur + Ausstellung JR \/ Aubette, Stra\u00dfburg)<\/p>\n\n\n\n<p class=\"p-century-gothic\"><strong>5. Weimar, 1.-2.11.2014<\/strong><\/p>\n\n\n\n<p class=\"p-century-gothic\">(Bauhaus-Museum \/ Bauhaus-Geb\u00e4ude \/ Haus am Horn \/ Goethe-Haus + Museum \/ Anna Amalia-Bibliothek)<\/p>\n\n\n\n<p class=\"p-century-gothic\"><strong>6. M\u00f6rfelden-Walldorf \/ Darmstadt, 30.5.2015<\/strong><\/p>\n\n\n\n<p class=\"p-century-gothic\">(Neutra-Siedlung \/ Mathildenh\u00f6he)<\/p>\n\n\n\n<p class=\"p-century-gothic\"><strong>7. Hombroich \/ D\u00fcsseldorf, 7.-8.11.2015<\/strong><\/p>\n\n\n\n<p class=\"p-century-gothic\">(Museumsinsel Hombroich \/ Langen Foundation \/ Atelierbesuch Felix Schramm, D\u00fcsseldorf \/ Hafenanlagen D\u00fcsseldorf)<\/p>\n\n\n\n<p class=\"p-century-gothic\"><strong>8. Mini-Exkursion \/ Einhausen, 1.5.2016<\/strong><\/p>\n\n\n\n<p class=\"p-century-gothic\">(Besichtigung einer Installation von Felix Schramm im Wohnhaus unseres Vereinsmitglieds Gretel Farny)<\/p>\n\n\n\n<p class=\"p-century-gothic\"><strong>9. Bonn \/ Remagen, 4.6.2016<\/strong><\/p>\n\n\n\n<p class=\"p-century-gothic\">(Bundeskunsthalle Bonn, Ausstellung \u201ebauhaus-alles ist design\u201c \/ Bahnhof Rolandseck, Architektur + Ausstellung \u201eGenese Dada\u201c)<\/p>\n\n\n\n<p class=\"p-century-gothic\"><strong>10. Metz, 5.11.2016<\/strong><\/p>\n\n\n\n<p class=\"p-century-gothic\">(Centre Pompidou, Architektur + Ausstellung \u201eOskar Schlemmer \u2013 L\u2018 homme qui danse\u201c \/ Stadtf\u00fchrung Metz)<\/p>\n\n\n\n<p class=\"p-century-gothic\"><strong><a href=\"https:\/\/klg-bergstrasse.de\/?p=221\">11. Pfalz, 6.5.2017<\/a><\/strong><\/p>\n\n\n\n<p class=\"p-century-gothic\">(Villa Ludwigsh\u00f6he, Slevogt-Galerie \/ Deutsches Schuhmuseum Hauenstein)<\/p>\n\n\n\n<p class=\"p-century-gothic\"><strong><a href=\"https:\/\/klg-bergstrasse.de\/?p=188\">12. Dessau, 20.-22.10.2017<\/a><\/strong><\/p>\n\n\n\n<p class=\"p-century-gothic\">(Bauhaus-Geb\u00e4ude \/ Meisterh\u00e4user \/ Siedlung T\u00f6rten \/ Kornhaus \/ Park und Schlo\u00df W\u00f6rlitz)<\/p>\n\n\n\n<p class=\"p-century-gothic\"><strong><a href=\"https:\/\/klg-bergstrasse.de\/?p=193\">13. Saarbr\u00fccken \/ V\u00f6lklingen, 28.4.2018<\/a><\/strong><\/p>\n\n\n\n<p class=\"p-century-gothic\">(Saarlandmuseum, Moderne Galerie \/ V\u00f6lklinger H\u00fctte)<\/p>\n\n\n\n<p class=\"p-century-gothic\"><strong><a href=\"https:\/\/klg-bergstrasse.de\/?p=185\">14. Frankfurt \/ Glauberg, 20.10.2018<\/a><\/strong><\/p>\n\n\n\n<p class=\"p-century-gothic\">(St\u00e4del, Ausstellung \u201eViktor Vasarely\u201c \/ Keltenwelt Glauberg, Architektur + Ausstellung)<\/p>\n\n\n\n<p class=\"p-century-gothic\"><strong><a href=\"https:\/\/klg-bergstrasse.de\/?p=174\">15. Weil am Rhein \/ Basel \/ Dornach, 26.-27.10.2019<\/a><\/strong><\/p>\n\n\n\n<p class=\"p-century-gothic\">(Vitra Design Campus \/ Kunstmuseum Basel \/ Goetheanum Dornach)<\/p>\n\n\n\n<p class=\"p-century-gothic\"><strong>16. Frankfurt \/ Kronberg \/ Bad Nauheim, 16.5.2020 (geplant)<\/strong><\/p>\n\n\n\n<p class=\"p-century-gothic\">(Schirn, Ausstellung \u201eFantastische Frauen\u201c \/ Braun-Design Sammlung \/ Stadtf\u00fchrung Bad Nauheim)<\/p>\n\n\n\n<p class=\"p-century-gothic\">Die Exkursion musste wegen Corona abgesagt werden.<\/p>\n\n\n\n<p class=\"p-century-gothic\"><a href=\"https:\/\/klg-bergstrasse.de\/?p=702\"><strong>17. Mannheim \/ <\/strong> <strong>9. Oktober 2021<\/strong><\/a><\/p>\n\n\n\n<p class=\"p-century-gothic\">Architektur der Neuen Sachlichkeit und Kunsthalle<\/p>\n\n\n\n<p class=\"p-century-gothic\"><strong><a href=\"https:\/\/klg-bergstrasse.de\/?p=801\">18. Frankfurt \/ 23. April 2022<\/a><\/strong><\/p>\n\n\n\n<p class=\"p-century-gothic\">EZB mit Gro\u00dfmarkthalle von Martin Elsaesser und Marcel Duchamp im Museum f\u00fcr Moderne Kunst<\/p>\n\n\n\n<p class=\"p-century-gothic\"><strong>1<a href=\"https:\/\/klg-bergstrasse.de\/?p=936\">9. <strong>Loheland und Fulda<\/strong> \/ 29. April 2023<\/a><\/strong><\/p>\n\n\n\n<p class=\"p-century-gothic\">Lohelandsiedlung mit Werkst\u00e4tten f\u00fcr Frauen, Villa Franz Erhard Walther mit F\u00fchrung durch den K\u00fcnstler<\/p>\n\n\n\n<p class=\"p-century-gothic\"><strong><a href=\"https:\/\/klg-bergstrasse.de\/?p=997\">20. Wiesbaden \/ 14. Oktober 2023<\/a><\/strong><\/p>\n\n\n\n<p class=\"p-century-gothic\">Designausstellung Dieter Rams und die Gro\u00dfsiedlung Schelmengraben von Ernst May<\/p>\n\n\n\n<p class=\"p-century-gothic\"><strong><a href=\"https:\/\/klg-bergstrasse.de\/?cat=10\">21. Wiesbaden und Bad Nauheim \/ 27. April 2024<\/a><\/strong><\/p>\n\n\n\n<p class=\"p-century-gothic\">Balkenhol trifft Alte Meister und Retrospektive G\u00fcnter Fruhtrunk, Bad Nauheim mit Kurhaus und Badeanlagen aus dem Jugendstil<\/p>\n\n\n\n<p class=\"p-century-gothic\"><strong><a href=\"https:\/\/klg-bergstrasse.de\/?p=1104\" data-type=\"link\" data-id=\"https:\/\/klg-bergstrasse.de\/?p=1104\">22. K\u00fcnzelsau und Marbach \/ 9. November <\/a><\/strong><\/p>\n\n\n\n<p class=\"p-century-gothic\">Zwei Bauten vom B\u00fcro David Chipperfield: Sammlung W\u00fcrth in K\u00fcnze\u00f6sau und Literaturarchiv Marbach<\/p>\n","protected":false},"excerpt":{"rendered":"<p>Ein \u00dcberblick \u00fcber die vom Verein organisierten Ausstellungen, Exkursionen und Vortr\u00e4ge. KLG-Ausstellungen \u201eLeo Grewenig\u201c, 27.11.2011 bis 5.2.2012 (in Zusammenarbeit mit dem Museum Heppenheim \/ Erste Ausstellung des Vereins, wobei auch das Programm der KLG vorgestellt wurde) \u201eMeister \u2013 Sch\u00fcler\u201c \u2013 Leo Grewenig am Bauhaus Weimar, 18.5. bis 29.6.2014 (in Zusammenarbeit mit dem Museum Bensheim) \u201eDie [&hellip;]<\/p>\n","protected":false},"author":1,"featured_media":0,"parent":8,"menu_order":0,"comment_status":"closed","ping_status":"closed","template":"","meta":{"ngg_post_thumbnail":0,"footnotes":""},"_links":{"self":[{"href":"https:\/\/klg-bergstrasse.de\/index.php?rest_route=\/wp\/v2\/pages\/655"}],"collection":[{"href":"https:\/\/klg-bergstrasse.de\/index.php?rest_route=\/wp\/v2\/pages"}],"about":[{"href":"https:\/\/klg-bergstrasse.de\/index.php?rest_route=\/wp\/v2\/types\/page"}],"author":[{"embeddable":true,"href":"https:\/\/klg-bergstrasse.de\/index.php?rest_route=\/wp\/v2\/users\/1"}],"replies":[{"embeddable":true,"href":"https:\/\/klg-bergstrasse.de\/index.php?rest_route=%2Fwp%2Fv2%2Fcomments&post=655"}],"version-history":[{"count":9,"href":"https:\/\/klg-bergstrasse.de\/index.php?rest_route=\/wp\/v2\/pages\/655\/revisions"}],"predecessor-version":[{"id":1168,"href":"https:\/\/klg-bergstrasse.de\/index.php?rest_route=\/wp\/v2\/pages\/655\/revisions\/1168"}],"up":[{"embeddable":true,"href":"https:\/\/klg-bergstrasse.de\/index.php?rest_route=\/wp\/v2\/pages\/8"}],"wp:attachment":[{"href":"https:\/\/klg-bergstrasse.de\/index.php?rest_route=%2Fwp%2Fv2%2Fmedia&parent=655"}],"curies":[{"name":"wp","href":"https:\/\/api.w.org\/{rel}","templated":true}]}}