{"id":8,"date":"2011-11-14T14:05:00","date_gmt":"2011-11-14T14:05:00","guid":{"rendered":"https:\/\/klg-bergstrasse.de\/?page_id=8"},"modified":"2020-04-17T15:59:52","modified_gmt":"2020-04-17T15:59:52","slug":"der-verein","status":"publish","type":"page","link":"https:\/\/klg-bergstrasse.de\/?page_id=8","title":{"rendered":"Der Verein"},"content":{"rendered":"\n<p class=\"has-text-align-left p-century-gothic\">Der Zweck der Kulturinitiative Leo Grewenig e.V.  ist die F\u00f6rderung und Verbreitung des k\u00fcnstlerischen Werkes von Leo Grewenig, die wissenschaftliche Bearbeitung seines Nachlasses, sowie die Organisation und F\u00f6rderung kultureller Veranstaltungen im Sinne einer Weiterf\u00fchrung des Bauhaus-Gedankens.<\/p>\n\n\n\n<p class=\"p-century-gothic\">Dieses Ziel m\u00f6chte der Verein durch die Organisation von Ausstellungen, Vortr\u00e4gen, Symposien und Exkursionen zum Thema Leo Grewenig und in den Bereichen Bildende Kunst \/ Architektur \/ Design \/ Musik \/ Theater \/ Literatur \/ Philosophie verwirklichen. Dabei soll die \u201eAvantgarde-Idee\u201c, die Verbindung der K\u00fcnste untereinander und der Vernetzung von Kunst, Gesellschaft, Technik und Industrie Ber\u00fccksichtigung finden.<br>Ein weiteres Anliegen des Vereins ist die Pflege der Dauerpr\u00e4sentation von Werken Leo Grewenigs im Stadtmuseum Bensheim sowie die Unterst\u00fctzung des Stadtmuseums Bensheim bei der Erweiterung des Bestandes an Werken von Leo Grewenig.<\/p>\n\n\n\n<p><\/p>\n","protected":false},"excerpt":{"rendered":"<p>Der Zweck der Kulturinitiative Leo Grewenig e.V. ist die F\u00f6rderung und Verbreitung des k\u00fcnstlerischen Werkes von Leo Grewenig, die wissenschaftliche Bearbeitung seines Nachlasses, sowie die Organisation und F\u00f6rderung kultureller Veranstaltungen im Sinne einer Weiterf\u00fchrung des Bauhaus-Gedankens. Dieses Ziel m\u00f6chte der Verein durch die Organisation von Ausstellungen, Vortr\u00e4gen, Symposien und Exkursionen zum Thema Leo Grewenig und [&hellip;]<\/p>\n","protected":false},"author":1,"featured_media":0,"parent":0,"menu_order":0,"comment_status":"closed","ping_status":"closed","template":"","meta":{"ngg_post_thumbnail":0,"footnotes":""},"_links":{"self":[{"href":"https:\/\/klg-bergstrasse.de\/index.php?rest_route=\/wp\/v2\/pages\/8"}],"collection":[{"href":"https:\/\/klg-bergstrasse.de\/index.php?rest_route=\/wp\/v2\/pages"}],"about":[{"href":"https:\/\/klg-bergstrasse.de\/index.php?rest_route=\/wp\/v2\/types\/page"}],"author":[{"embeddable":true,"href":"https:\/\/klg-bergstrasse.de\/index.php?rest_route=\/wp\/v2\/users\/1"}],"replies":[{"embeddable":true,"href":"https:\/\/klg-bergstrasse.de\/index.php?rest_route=%2Fwp%2Fv2%2Fcomments&post=8"}],"version-history":[{"count":6,"href":"https:\/\/klg-bergstrasse.de\/index.php?rest_route=\/wp\/v2\/pages\/8\/revisions"}],"predecessor-version":[{"id":391,"href":"https:\/\/klg-bergstrasse.de\/index.php?rest_route=\/wp\/v2\/pages\/8\/revisions\/391"}],"wp:attachment":[{"href":"https:\/\/klg-bergstrasse.de\/index.php?rest_route=%2Fwp%2Fv2%2Fmedia&parent=8"}],"curies":[{"name":"wp","href":"https:\/\/api.w.org\/{rel}","templated":true}]}}